{"id":725,"date":"2021-12-02T12:34:23","date_gmt":"2021-12-02T11:34:23","guid":{"rendered":"http:\/\/classicstreet.org\/?page_id=2"},"modified":"2026-03-14T11:40:57","modified_gmt":"2026-03-14T10:40:57","slug":"bienvenue","status":"publish","type":"page","link":"https:\/\/orchestreetchoeur-psl.eu\/en\/","title":{"rendered":"Home"},"content":{"rendered":"<div data-elementor-type=\"wp-page\" data-elementor-id=\"725\" class=\"elementor elementor-725\">\n\t\t\t\t\t\t<section class=\"elementor-section elementor-top-section elementor-element elementor-element-a05291b elementor-section-full_width elementor-section-stretched elementor-section-height-default elementor-section-height-default\" data-id=\"a05291b\" data-element_type=\"section\" data-settings=\"{&quot;stretch_section&quot;:&quot;section-stretched&quot;,&quot;background_background&quot;:&quot;gradient&quot;}\">\n\t\t\t\t\t\t<div class=\"elementor-container elementor-column-gap-default\">\n\t\t\t\t\t<div class=\"elementor-column elementor-col-100 elementor-top-column elementor-element elementor-element-f7623e3\" data-id=\"f7623e3\" data-element_type=\"column\">\n\t\t\t<div class=\"elementor-widget-wrap elementor-element-populated\">\n\t\t\t\t\t\t<div class=\"elementor-element elementor-element-68538df elementor-widget elementor-widget-image\" data-id=\"68538df\" data-element_type=\"widget\" data-widget_type=\"image.default\">\n\t\t\t\t<div class=\"elementor-widget-container\">\n\t\t\t\t\t\t\t\t\t\t\t\t\t<img fetchpriority=\"high\" decoding=\"async\" width=\"1024\" height=\"507\" src=\"https:\/\/orchestreetchoeur-psl.eu\/wp-content\/uploads\/2026\/03\/Logo-FPrintemps-OChoeur-1024x507.png\" class=\"attachment-large size-large wp-image-4589\" alt=\"\" srcset=\"https:\/\/orchestreetchoeur-psl.eu\/wp-content\/uploads\/2026\/03\/Logo-FPrintemps-OChoeur-1024x507.png 1024w, https:\/\/orchestreetchoeur-psl.eu\/wp-content\/uploads\/2026\/03\/Logo-FPrintemps-OChoeur-300x148.png 300w, https:\/\/orchestreetchoeur-psl.eu\/wp-content\/uploads\/2026\/03\/Logo-FPrintemps-OChoeur-768x380.png 768w, https:\/\/orchestreetchoeur-psl.eu\/wp-content\/uploads\/2026\/03\/Logo-FPrintemps-OChoeur-1536x760.png 1536w, https:\/\/orchestreetchoeur-psl.eu\/wp-content\/uploads\/2026\/03\/Logo-FPrintemps-OChoeur-2048x1013.png 2048w, https:\/\/orchestreetchoeur-psl.eu\/wp-content\/uploads\/2026\/03\/Logo-FPrintemps-OChoeur-18x9.png 18w\" sizes=\"(max-width: 1024px) 100vw, 1024px\" \/>\t\t\t\t\t\t\t\t\t\t\t\t\t<\/div>\n\t\t\t\t<\/div>\n\t\t\t\t<div class=\"elementor-element elementor-element-d03fd9a elementor-widget elementor-widget-spacer\" data-id=\"d03fd9a\" data-element_type=\"widget\" data-widget_type=\"spacer.default\">\n\t\t\t\t<div class=\"elementor-widget-container\">\n\t\t\t\t\t<div class=\"elementor-spacer\">\n\t\t\t<div class=\"elementor-spacer-inner\"><\/div>\n\t\t<\/div>\n\t\t\t\t<\/div>\n\t\t\t\t<\/div>\n\t\t\t\t<div class=\"elementor-element elementor-element-3997896 elementor-arrows-position-inside elementor-pagination-position-outside elementor-widget elementor-widget-image-carousel\" data-id=\"3997896\" data-element_type=\"widget\" data-settings=\"{&quot;navigation&quot;:&quot;both&quot;,&quot;autoplay&quot;:&quot;yes&quot;,&quot;pause_on_hover&quot;:&quot;yes&quot;,&quot;pause_on_interaction&quot;:&quot;yes&quot;,&quot;autoplay_speed&quot;:5000,&quot;infinite&quot;:&quot;yes&quot;,&quot;speed&quot;:500}\" data-widget_type=\"image-carousel.default\">\n\t\t\t\t<div class=\"elementor-widget-container\">\n\t\t\t\t\t<div class=\"elementor-image-carousel-wrapper swiper\" dir=\"ltr\">\n\t\t\t<div class=\"elementor-image-carousel swiper-wrapper\" aria-live=\"off\">\n\t\t\t\t\t\t\t\t<div class=\"swiper-slide\" role=\"group\" aria-roledescription=\"slide\" aria-label=\"1 of 12\"><figure class=\"swiper-slide-inner\"><img decoding=\"async\" class=\"swiper-slide-image\" src=\"https:\/\/orchestreetchoeur-psl.eu\/wp-content\/uploads\/2024\/06\/14A1992-1-768x512.jpg\" alt=\"_14A1992\" \/><\/figure><\/div><div class=\"swiper-slide\" role=\"group\" aria-roledescription=\"slide\" aria-label=\"2 of 12\"><figure class=\"swiper-slide-inner\"><img decoding=\"async\" class=\"swiper-slide-image\" src=\"https:\/\/orchestreetchoeur-psl.eu\/wp-content\/uploads\/2024\/06\/DSCF7180-768x512.jpg\" alt=\"DSCF7180\" \/><\/figure><\/div><div class=\"swiper-slide\" role=\"group\" aria-roledescription=\"slide\" aria-label=\"3 of 12\"><figure class=\"swiper-slide-inner\"><img decoding=\"async\" class=\"swiper-slide-image\" src=\"https:\/\/orchestreetchoeur-psl.eu\/wp-content\/uploads\/2024\/06\/DSCF0794-1-768x512.jpg\" alt=\"DSCF0794\" \/><\/figure><\/div><div class=\"swiper-slide\" role=\"group\" aria-roledescription=\"slide\" aria-label=\"4 of 12\"><figure class=\"swiper-slide-inner\"><img decoding=\"async\" class=\"swiper-slide-image\" src=\"https:\/\/orchestreetchoeur-psl.eu\/wp-content\/uploads\/2021\/12\/092@Nicolas-Fagot-Studio9-scaled-1-768x511.jpg\" alt=\"092@Nicolas Fagot Studio9\" \/><\/figure><\/div><div class=\"swiper-slide\" role=\"group\" aria-roledescription=\"slide\" aria-label=\"5 of 12\"><figure class=\"swiper-slide-inner\"><img decoding=\"async\" class=\"swiper-slide-image\" src=\"https:\/\/orchestreetchoeur-psl.eu\/wp-content\/uploads\/2024\/06\/DSCF0714-768x512.jpg\" alt=\"DSCF0714\" \/><\/figure><\/div><div class=\"swiper-slide\" role=\"group\" aria-roledescription=\"slide\" aria-label=\"6 of 12\"><figure class=\"swiper-slide-inner\"><img decoding=\"async\" class=\"swiper-slide-image\" src=\"https:\/\/orchestreetchoeur-psl.eu\/wp-content\/uploads\/2024\/06\/DSCF0774-768x512.jpg\" alt=\"DSCF0774\" \/><\/figure><\/div><div class=\"swiper-slide\" role=\"group\" aria-roledescription=\"slide\" aria-label=\"7 of 12\"><figure class=\"swiper-slide-inner\"><img decoding=\"async\" class=\"swiper-slide-image\" src=\"https:\/\/orchestreetchoeur-psl.eu\/wp-content\/uploads\/2022\/12\/113@Nicolas_Fagot_Studio91-768x511.jpg\" alt=\"113@Nicolas_Fagot_Studio9[1]\" \/><\/figure><\/div><div class=\"swiper-slide\" role=\"group\" aria-roledescription=\"slide\" aria-label=\"8 of 12\"><figure class=\"swiper-slide-inner\"><img decoding=\"async\" class=\"swiper-slide-image\" src=\"https:\/\/orchestreetchoeur-psl.eu\/wp-content\/uploads\/2024\/06\/DSCF9587-768x512.jpg\" alt=\"DSCF9587\" \/><\/figure><\/div><div class=\"swiper-slide\" role=\"group\" aria-roledescription=\"slide\" aria-label=\"9 of 12\"><figure class=\"swiper-slide-inner\"><img decoding=\"async\" class=\"swiper-slide-image\" src=\"https:\/\/orchestreetchoeur-psl.eu\/wp-content\/uploads\/2024\/06\/DSCF0784-768x512.jpg\" alt=\"DSCF0784\" \/><\/figure><\/div><div class=\"swiper-slide\" role=\"group\" aria-roledescription=\"slide\" aria-label=\"10 of 12\"><figure class=\"swiper-slide-inner\"><img decoding=\"async\" class=\"swiper-slide-image\" src=\"https:\/\/orchestreetchoeur-psl.eu\/wp-content\/uploads\/2024\/06\/DSCF6500-768x512.jpg\" alt=\"DSCF6500\" \/><\/figure><\/div><div class=\"swiper-slide\" role=\"group\" aria-roledescription=\"slide\" aria-label=\"11 of 12\"><figure class=\"swiper-slide-inner\"><img decoding=\"async\" class=\"swiper-slide-image\" src=\"https:\/\/orchestreetchoeur-psl.eu\/wp-content\/uploads\/2024\/06\/DSCF9536-768x512.jpg\" alt=\"DSCF9536\" \/><\/figure><\/div><div class=\"swiper-slide\" role=\"group\" aria-roledescription=\"slide\" aria-label=\"12 of 12\"><figure class=\"swiper-slide-inner\"><img decoding=\"async\" class=\"swiper-slide-image\" src=\"https:\/\/orchestreetchoeur-psl.eu\/wp-content\/uploads\/2024\/06\/DSCF0781-768x512.jpg\" alt=\"DSCF0781\" \/><\/figure><\/div>\t\t\t<\/div>\n\t\t\t\t\t\t\t\t\t\t\t\t<div class=\"elementor-swiper-button elementor-swiper-button-prev\" role=\"button\" tabindex=\"0\">\n\t\t\t\t\t\t<i aria-hidden=\"true\" class=\"eicon-chevron-left\"><\/i>\t\t\t\t\t<\/div>\n\t\t\t\t\t<div class=\"elementor-swiper-button elementor-swiper-button-next\" role=\"button\" tabindex=\"0\">\n\t\t\t\t\t\t<i aria-hidden=\"true\" class=\"eicon-chevron-right\"><\/i>\t\t\t\t\t<\/div>\n\t\t\t\t\n\t\t\t\t\t\t\t\t\t<div class=\"swiper-pagination\"><\/div>\n\t\t\t\t\t\t\t\t\t<\/div>\n\t\t\t\t<\/div>\n\t\t\t\t<\/div>\n\t\t\t\t\t<\/div>\n\t\t<\/div>\n\t\t\t\t\t<\/div>\n\t\t<\/section>\n\t\t\t\t<section class=\"elementor-section elementor-top-section elementor-element elementor-element-4c56a39 elementor-section-boxed elementor-section-height-default elementor-section-height-default\" data-id=\"4c56a39\" data-element_type=\"section\">\n\t\t\t\t\t\t<div class=\"elementor-container elementor-column-gap-default\">\n\t\t\t\t\t<div class=\"elementor-column elementor-col-100 elementor-top-column elementor-element elementor-element-b787c5a\" data-id=\"b787c5a\" data-element_type=\"column\">\n\t\t\t<div class=\"elementor-widget-wrap elementor-element-populated\">\n\t\t\t\t\t\t<div class=\"elementor-element elementor-element-31bd19d elementor-widget elementor-widget-image\" data-id=\"31bd19d\" data-element_type=\"widget\" data-widget_type=\"image.default\">\n\t\t\t\t<div class=\"elementor-widget-container\">\n\t\t\t\t\t\t\t\t\t\t\t\t\t<img decoding=\"async\" width=\"726\" height=\"1024\" src=\"https:\/\/orchestreetchoeur-psl.eu\/wp-content\/uploads\/2026\/03\/AFFICHE-2026-FDP-A2-726x1024.png\" class=\"attachment-large size-large wp-image-4610\" alt=\"\" srcset=\"https:\/\/orchestreetchoeur-psl.eu\/wp-content\/uploads\/2026\/03\/AFFICHE-2026-FDP-A2-726x1024.png 726w, https:\/\/orchestreetchoeur-psl.eu\/wp-content\/uploads\/2026\/03\/AFFICHE-2026-FDP-A2-213x300.png 213w, https:\/\/orchestreetchoeur-psl.eu\/wp-content\/uploads\/2026\/03\/AFFICHE-2026-FDP-A2-768x1084.png 768w, https:\/\/orchestreetchoeur-psl.eu\/wp-content\/uploads\/2026\/03\/AFFICHE-2026-FDP-A2-1088x1536.png 1088w, https:\/\/orchestreetchoeur-psl.eu\/wp-content\/uploads\/2026\/03\/AFFICHE-2026-FDP-A2-9x12.png 9w, https:\/\/orchestreetchoeur-psl.eu\/wp-content\/uploads\/2026\/03\/AFFICHE-2026-FDP-A2.png 1201w\" sizes=\"(max-width: 726px) 100vw, 726px\" \/>\t\t\t\t\t\t\t\t\t\t\t\t\t<\/div>\n\t\t\t\t<\/div>\n\t\t\t\t\t<\/div>\n\t\t<\/div>\n\t\t\t\t\t<\/div>\n\t\t<\/section>\n\t\t\t\t<section class=\"elementor-section elementor-top-section elementor-element elementor-element-98bc96c elementor-section-stretched elementor-section-full_width elementor-section-height-default elementor-section-height-default\" data-id=\"98bc96c\" data-element_type=\"section\" data-settings=\"{&quot;stretch_section&quot;:&quot;section-stretched&quot;}\">\n\t\t\t\t\t\t<div class=\"elementor-container elementor-column-gap-default\">\n\t\t\t\t\t<div class=\"elementor-column elementor-col-33 elementor-top-column elementor-element elementor-element-a0dde9f\" data-id=\"a0dde9f\" data-element_type=\"column\">\n\t\t\t<div class=\"elementor-widget-wrap elementor-element-populated\">\n\t\t\t\t\t\t<div class=\"elementor-element elementor-element-f97243c elementor-widget elementor-widget-heading\" data-id=\"f97243c\" data-element_type=\"widget\" data-widget_type=\"heading.default\">\n\t\t\t\t<div class=\"elementor-widget-container\">\n\t\t\t<h2 class=\"elementor-heading-title elementor-size-default\">Music at PSL<\/h2>\t\t<\/div>\n\t\t\t\t<\/div>\n\t\t\t\t<div class=\"elementor-element elementor-element-c58ea26 elementor-widget elementor-widget-text-editor\" data-id=\"c58ea26\" data-element_type=\"widget\" data-widget_type=\"text-editor.default\">\n\t\t\t\t<div class=\"elementor-widget-container\">\n\t\t\t\t\t\t\t<p>Following the example of the world's prestigious universities, PSL has its own symphony orchestra and choir, the OCPSL. Open to all students and staff of <a href=\"https:\/\/psl.eu\/en\" target=\"_blank\" rel=\"noopener\">PSL University<\/a>, the association's repertoire reflects its image: eclectic, innovative, original, and composed of varied styles of music (classical repertoire and forgotten or contemporary composers, jazz and gospel, musicals).<\/p>\t\t\t\t\t\t<\/div>\n\t\t\t\t<\/div>\n\t\t\t\t<div class=\"elementor-element elementor-element-3d90893 elementor-align-center elementor-widget elementor-widget-button\" data-id=\"3d90893\" data-element_type=\"widget\" data-widget_type=\"button.default\">\n\t\t\t\t<div class=\"elementor-widget-container\">\n\t\t\t\t\t<div class=\"elementor-button-wrapper\">\n\t\t\t<a class=\"elementor-button elementor-button-link elementor-size-sm\" href=\"https:\/\/orchestreetchoeur-psl.eu\/en\/association\/\">\n\t\t\t\t\t\t<span class=\"elementor-button-content-wrapper\">\n\t\t\t\t\t\t\t\t\t<span class=\"elementor-button-text\">Read more<\/span>\n\t\t\t\t\t<\/span>\n\t\t\t\t\t<\/a>\n\t\t<\/div>\n\t\t\t\t<\/div>\n\t\t\t\t<\/div>\n\t\t\t\t<div class=\"elementor-element elementor-element-b62b8b5 elementor-widget elementor-widget-spacer\" data-id=\"b62b8b5\" data-element_type=\"widget\" data-widget_type=\"spacer.default\">\n\t\t\t\t<div class=\"elementor-widget-container\">\n\t\t\t\t\t<div class=\"elementor-spacer\">\n\t\t\t<div class=\"elementor-spacer-inner\"><\/div>\n\t\t<\/div>\n\t\t\t\t<\/div>\n\t\t\t\t<\/div>\n\t\t\t\t\t<\/div>\n\t\t<\/div>\n\t\t\t\t<div class=\"elementor-column elementor-col-33 elementor-top-column elementor-element elementor-element-79b4aab\" data-id=\"79b4aab\" data-element_type=\"column\">\n\t\t\t<div class=\"elementor-widget-wrap elementor-element-populated\">\n\t\t\t\t\t\t<div class=\"elementor-element elementor-element-6d797ea elementor-widget elementor-widget-heading\" data-id=\"6d797ea\" data-element_type=\"widget\" data-widget_type=\"heading.default\">\n\t\t\t\t<div class=\"elementor-widget-container\">\n\t\t\t<h2 class=\"elementor-heading-title elementor-size-default\">Upcoming events<\/h2>\t\t<\/div>\n\t\t\t\t<\/div>\n\t\t\t\t<div class=\"elementor-element elementor-element-9969b8d elementor-widget elementor-widget-text-editor\" data-id=\"9969b8d\" data-element_type=\"widget\" data-widget_type=\"text-editor.default\">\n\t\t\t\t<div class=\"elementor-widget-container\">\n\t\t\t\t\t\t\t<h1><strong>Festival de Printemps<\/strong><\/h1>\t\t\t\t\t\t<\/div>\n\t\t\t\t<\/div>\n\t\t\t\t<div class=\"elementor-element elementor-element-e8b6e70 elementor-widget elementor-widget-spacer\" data-id=\"e8b6e70\" data-element_type=\"widget\" data-widget_type=\"spacer.default\">\n\t\t\t\t<div class=\"elementor-widget-container\">\n\t\t\t\t\t<div class=\"elementor-spacer\">\n\t\t\t<div class=\"elementor-spacer-inner\"><\/div>\n\t\t<\/div>\n\t\t\t\t<\/div>\n\t\t\t\t<\/div>\n\t\t\t\t<div class=\"elementor-element elementor-element-8a5e595 elementor-align-center elementor-widget elementor-widget-button\" data-id=\"8a5e595\" data-element_type=\"widget\" data-widget_type=\"button.default\">\n\t\t\t\t<div class=\"elementor-widget-container\">\n\t\t\t\t\t<div class=\"elementor-button-wrapper\">\n\t\t\t<a class=\"elementor-button elementor-button-link elementor-size-sm\" href=\"https:\/\/orchestreetchoeur-psl.eu\/en\/evenements\/\">\n\t\t\t\t\t\t<span class=\"elementor-button-content-wrapper\">\n\t\t\t\t\t\t\t\t\t<span class=\"elementor-button-text\">Informations et r\u00e9servation<\/span>\n\t\t\t\t\t<\/span>\n\t\t\t\t\t<\/a>\n\t\t<\/div>\n\t\t\t\t<\/div>\n\t\t\t\t<\/div>\n\t\t\t\t\t<\/div>\n\t\t<\/div>\n\t\t\t\t<div class=\"elementor-column elementor-col-33 elementor-top-column elementor-element elementor-element-4cca42d\" data-id=\"4cca42d\" data-element_type=\"column\" data-settings=\"{&quot;background_background&quot;:&quot;slideshow&quot;,&quot;background_slideshow_gallery&quot;:[],&quot;background_slideshow_loop&quot;:&quot;yes&quot;,&quot;background_slideshow_slide_duration&quot;:5000,&quot;background_slideshow_slide_transition&quot;:&quot;fade&quot;,&quot;background_slideshow_transition_duration&quot;:500}\">\n\t\t\t<div class=\"elementor-widget-wrap elementor-element-populated\">\n\t\t\t\t\t\t<div class=\"elementor-element elementor-element-83c9e66 elementor-widget elementor-widget-heading\" data-id=\"83c9e66\" data-element_type=\"widget\" data-widget_type=\"heading.default\">\n\t\t\t\t<div class=\"elementor-widget-container\">\n\t\t\t<h2 class=\"elementor-heading-title elementor-size-default\">Candidatures<\/h2>\t\t<\/div>\n\t\t\t\t<\/div>\n\t\t\t\t<div class=\"elementor-element elementor-element-27d4126 elementor-widget elementor-widget-spacer\" data-id=\"27d4126\" data-element_type=\"widget\" data-widget_type=\"spacer.default\">\n\t\t\t\t<div class=\"elementor-widget-container\">\n\t\t\t\t\t<div class=\"elementor-spacer\">\n\t\t\t<div class=\"elementor-spacer-inner\"><\/div>\n\t\t<\/div>\n\t\t\t\t<\/div>\n\t\t\t\t<\/div>\n\t\t\t\t<div class=\"elementor-element elementor-element-96b5a4a elementor-widget elementor-widget-text-editor\" data-id=\"96b5a4a\" data-element_type=\"widget\" data-widget_type=\"text-editor.default\">\n\t\t\t\t<div class=\"elementor-widget-container\">\n\t\t\t\t\t\t\t<p>Pour int\u00e9grer l&#8217;OC-PSL, inscrivez-vous en suivant le lien ci-dessous, un cr\u00e9neau d&#8217;audition vous sera propos\u00e9. <\/p>\t\t\t\t\t\t<\/div>\n\t\t\t\t<\/div>\n\t\t\t\t<div class=\"elementor-element elementor-element-5fcb07b elementor-align-center elementor-widget elementor-widget-button\" data-id=\"5fcb07b\" data-element_type=\"widget\" data-widget_type=\"button.default\">\n\t\t\t\t<div class=\"elementor-widget-container\">\n\t\t\t\t\t<div class=\"elementor-button-wrapper\">\n\t\t\t<a class=\"elementor-button elementor-button-link elementor-size-sm\" href=\"https:\/\/orchestreetchoeur-psl.eu\/en\/candidature\/\">\n\t\t\t\t\t\t<span class=\"elementor-button-content-wrapper\">\n\t\t\t\t\t\t\t\t\t<span class=\"elementor-button-text\">Applications<\/span>\n\t\t\t\t\t<\/span>\n\t\t\t\t\t<\/a>\n\t\t<\/div>\n\t\t\t\t<\/div>\n\t\t\t\t<\/div>\n\t\t\t\t\t<\/div>\n\t\t<\/div>\n\t\t\t\t\t<\/div>\n\t\t<\/section>\n\t\t\t\t<section class=\"elementor-section elementor-top-section elementor-element elementor-element-58a9361 elementor-section-boxed elementor-section-height-default elementor-section-height-default\" data-id=\"58a9361\" data-element_type=\"section\">\n\t\t\t\t\t\t<div class=\"elementor-container elementor-column-gap-default\">\n\t\t\t\t\t<div class=\"elementor-column elementor-col-100 elementor-top-column elementor-element elementor-element-2874392\" data-id=\"2874392\" data-element_type=\"column\">\n\t\t\t<div class=\"elementor-widget-wrap\">\n\t\t\t\t\t\t\t<\/div>\n\t\t<\/div>\n\t\t\t\t\t<\/div>\n\t\t<\/section>\n\t\t\t\t<section class=\"elementor-section elementor-top-section elementor-element elementor-element-e9a62e0 elementor-section-boxed elementor-section-height-default elementor-section-height-default\" data-id=\"e9a62e0\" data-element_type=\"section\">\n\t\t\t\t\t\t<div class=\"elementor-container elementor-column-gap-default\">\n\t\t\t\t\t<div class=\"elementor-column elementor-col-100 elementor-top-column elementor-element elementor-element-6ae96f0\" data-id=\"6ae96f0\" data-element_type=\"column\">\n\t\t\t<div class=\"elementor-widget-wrap\">\n\t\t\t\t\t\t\t<\/div>\n\t\t<\/div>\n\t\t\t\t\t<\/div>\n\t\t<\/section>\n\t\t\t\t<\/div>","protected":false},"excerpt":{"rendered":"<p>La Musique \u00e0 PSL \u00c0 l\u2019exemple des grandes universit\u00e9s mondiales, PSL a son propre Orchestre symphonique et ch\u0153ur, l\u2019OCPSL. Ouvert \u00e0 l\u2019ensemble des \u00e9tudiants et personnels de l\u2019Universit\u00e9 PSL, son r\u00e9pertoire est \u00e0 son image : \u00e9clectique, innovant, original, et compos\u00e9 des styles de musique les plus vari\u00e9s (grand r\u00e9pertoire classique et compositeurs oubli\u00e9s ou&#8230;<\/p>","protected":false},"author":1,"featured_media":0,"parent":0,"menu_order":0,"comment_status":"closed","ping_status":"closed","template":"","meta":{"_kadence_starter_templates_imported_post":false,"_kad_post_transparent":"","_kad_post_title":"","_kad_post_layout":"","_kad_post_sidebar_id":"","_kad_post_content_style":"","_kad_post_vertical_padding":"","_kad_post_feature":"","_kad_post_feature_position":"","_kad_post_header":false,"_kad_post_footer":false,"_kad_post_classname":"","footnotes":""},"class_list":["post-725","page","type-page","status-publish","hentry"],"_links":{"self":[{"href":"https:\/\/orchestreetchoeur-psl.eu\/en\/wp-json\/wp\/v2\/pages\/725","targetHints":{"allow":["GET"]}}],"collection":[{"href":"https:\/\/orchestreetchoeur-psl.eu\/en\/wp-json\/wp\/v2\/pages"}],"about":[{"href":"https:\/\/orchestreetchoeur-psl.eu\/en\/wp-json\/wp\/v2\/types\/page"}],"author":[{"embeddable":true,"href":"https:\/\/orchestreetchoeur-psl.eu\/en\/wp-json\/wp\/v2\/users\/1"}],"replies":[{"embeddable":true,"href":"https:\/\/orchestreetchoeur-psl.eu\/en\/wp-json\/wp\/v2\/comments?post=725"}],"version-history":[{"count":742,"href":"https:\/\/orchestreetchoeur-psl.eu\/en\/wp-json\/wp\/v2\/pages\/725\/revisions"}],"predecessor-version":[{"id":4613,"href":"https:\/\/orchestreetchoeur-psl.eu\/en\/wp-json\/wp\/v2\/pages\/725\/revisions\/4613"}],"wp:attachment":[{"href":"https:\/\/orchestreetchoeur-psl.eu\/en\/wp-json\/wp\/v2\/media?parent=725"}],"curies":[{"name":"wp","href":"https:\/\/api.w.org\/{rel}","templated":true}]}}