{"id":503,"date":"2021-12-16T17:02:43","date_gmt":"2021-12-16T16:02:43","guid":{"rendered":"https:\/\/classicstreet.org\/?page_id=503"},"modified":"2025-01-09T15:54:52","modified_gmt":"2025-01-09T14:54:52","slug":"candidature","status":"publish","type":"page","link":"https:\/\/orchestreetchoeur-psl.eu\/en\/candidature\/","title":{"rendered":"Application"},"content":{"rendered":"<div data-elementor-type=\"wp-page\" data-elementor-id=\"503\" class=\"elementor elementor-503\">\n\t\t\t\t\t\t<section class=\"elementor-section elementor-top-section elementor-element elementor-element-630093bb elementor-section-boxed elementor-section-height-default elementor-section-height-default\" data-id=\"630093bb\" data-element_type=\"section\">\n\t\t\t\t\t\t<div class=\"elementor-container elementor-column-gap-default\">\n\t\t\t\t\t<div class=\"elementor-column elementor-col-100 elementor-top-column elementor-element elementor-element-d59cb50\" data-id=\"d59cb50\" data-element_type=\"column\">\n\t\t\t<div class=\"elementor-widget-wrap elementor-element-populated\">\n\t\t\t\t\t\t<div class=\"elementor-element elementor-element-344403a elementor-widget elementor-widget-heading\" data-id=\"344403a\" data-element_type=\"widget\" data-widget_type=\"heading.default\">\n\t\t\t\t<div class=\"elementor-widget-container\">\n\t\t\t<h2 class=\"elementor-heading-title elementor-size-default\">Application<\/h2>\t\t<\/div>\n\t\t\t\t<\/div>\n\t\t\t\t\t<\/div>\n\t\t<\/div>\n\t\t\t\t\t<\/div>\n\t\t<\/section>\n\t\t\t\t<section class=\"elementor-section elementor-top-section elementor-element elementor-element-350a292 elementor-section-boxed elementor-section-height-default elementor-section-height-default\" data-id=\"350a292\" data-element_type=\"section\">\n\t\t\t\t\t\t<div class=\"elementor-container elementor-column-gap-default\">\n\t\t\t\t\t<div class=\"elementor-column elementor-col-100 elementor-top-column elementor-element elementor-element-6cf5368\" data-id=\"6cf5368\" data-element_type=\"column\">\n\t\t\t<div class=\"elementor-widget-wrap elementor-element-populated\">\n\t\t\t\t\t\t<div class=\"elementor-element elementor-element-807cfea elementor-widget elementor-widget-text-editor\" data-id=\"807cfea\" data-element_type=\"widget\" data-widget_type=\"text-editor.default\">\n\t\t\t\t<div class=\"elementor-widget-container\">\n\t\t\t\t\t\t\t<p><span style=\"color: var( --e-global-color-text ); font-family: var( --e-global-typography-text-font-family ), Sans-serif; background-color: transparent;\">Y<\/span><span style=\"color: var( --e-global-color-text ); font-family: var( --e-global-typography-text-font-family ), Sans-serif; background-color: transparent;\">ou play an instrument, sing and want to rehearse with other students and young professionals in a friendly atmosphere? The Orchestra &amp; the Choir are made for you ! We recruit during the whole season between September and June.<\/span><span style=\"color: var( --e-global-color-text ); font-family: var( --e-global-typography-text-font-family ), Sans-serif; background-color: transparent;\">.<\/span><\/p><p><strong style=\"color: var( --e-global-color-text ); font-family: var( --e-global-typography-text-font-family ), Sans-serif; background-color: transparent; text-align: center;\">The Orchestra rehearses on Monday evenings (7.30 pm to 10 pm) in the 5th arrondissement.<\/strong><\/p><p><strong style=\"text-align: center; color: var( --e-global-color-text ); font-family: var( --e-global-typography-text-font-family ), Sans-serif; background-color: transparent;\">The Choir rehearses on Tuesday evenings (7.30 pm to 10 pm) in the 5th arrondissement.<\/strong><\/p><p><strong>\u00a0<\/strong><\/p><p><strong>Required level : <\/strong>conservatory or musical academy practice<\/p><p><strong>To join us, please fill out the form below. We will contact you to schedule an audition. <br \/><\/strong><\/p><p>Hope to see you soon !<\/p>\t\t\t\t\t\t<\/div>\n\t\t\t\t<\/div>\n\t\t\t\t\t<\/div>\n\t\t<\/div>\n\t\t\t\t\t<\/div>\n\t\t<\/section>\n\t\t\t\t<section class=\"elementor-section elementor-top-section elementor-element elementor-element-ffa0bfc elementor-section-boxed elementor-section-height-default elementor-section-height-default\" data-id=\"ffa0bfc\" data-element_type=\"section\">\n\t\t\t\t\t\t<div class=\"elementor-container elementor-column-gap-default\">\n\t\t\t\t\t<div class=\"elementor-column elementor-col-100 elementor-top-column elementor-element elementor-element-f1eabfe\" data-id=\"f1eabfe\" data-element_type=\"column\">\n\t\t\t<div class=\"elementor-widget-wrap elementor-element-populated\">\n\t\t\t\t\t\t<div class=\"elementor-element elementor-element-4541c6c elementor-widget elementor-widget-wpforms\" data-id=\"4541c6c\" data-element_type=\"widget\" data-widget_type=\"wpforms.default\">\n\t\t\t\t<div class=\"elementor-widget-container\">\n\t\t\t<div class=\"wpforms-container wpforms-container-full\" id=\"wpforms-945\"><form id=\"wpforms-form-945\" class=\"wpforms-validate wpforms-form wpforms-ajax-form\" data-formid=\"945\" method=\"post\" enctype=\"multipart\/form-data\" action=\"\/en\/wp-json\/wp\/v2\/pages\/503\" data-token=\"1dc339eb469a9b26b9e195de19f3d665\" data-token-time=\"1777024480\" data-trp-original-action=\"\/en\/wp-json\/wp\/v2\/pages\/503\"><noscript class=\"wpforms-error-noscript\">Please enable JavaScript in your browser to complete this form.<\/noscript><div class=\"wpforms-field-container\"><div id=\"wpforms-945-field_0-container\" class=\"wpforms-field wpforms-field-name\" data-field-id=\"0\"><label class=\"wpforms-field-label\" for=\"wpforms-945-field_0\">First and last name <span class=\"wpforms-required-label\">*<\/span><\/label><div class=\"wpforms-field-row wpforms-field-large\"><div class=\"wpforms-field-row-block wpforms-first wpforms-one-half\"><input type=\"text\" id=\"wpforms-945-field_0\" class=\"wpforms-field-name-first wpforms-field-required\" name=\"wpforms[fields][0][first]\" required><label for=\"wpforms-945-field_0\" class=\"wpforms-field-sublabel after\">First<\/label><\/div><div class=\"wpforms-field-row-block wpforms-one-half\"><input type=\"text\" id=\"wpforms-945-field_0-last\" class=\"wpforms-field-name-last wpforms-field-required\" name=\"wpforms[fields][0][last]\" required><label for=\"wpforms-945-field_0-last\" class=\"wpforms-field-sublabel after\">Last<\/label><\/div><\/div><\/div><div id=\"wpforms-945-field_1-container\" class=\"wpforms-field wpforms-field-email\" data-field-id=\"1\"><label class=\"wpforms-field-label\" for=\"wpforms-945-field_1\">Email <span class=\"wpforms-required-label\">*<\/span><\/label><input type=\"email\" id=\"wpforms-945-field_1\" class=\"wpforms-field-large wpforms-field-required\" name=\"wpforms[fields][1]\" spellcheck=\"false\" required><\/div><div id=\"wpforms-945-field_8-container\" class=\"wpforms-field wpforms-field-text\" data-field-id=\"8\"><label class=\"wpforms-field-label\" for=\"wpforms-945-field_8\">Mobile phone <span class=\"wpforms-required-label\">*<\/span><\/label><input type=\"text\" id=\"wpforms-945-field_8\" class=\"wpforms-field-medium wpforms-field-required\" name=\"wpforms[fields][8]\" required><\/div><div id=\"wpforms-945-field_5-container\" class=\"wpforms-field wpforms-field-select wpforms-field-select-style-classic\" data-field-id=\"5\"><label class=\"wpforms-field-label\" for=\"wpforms-945-field_5\">Choice of orchestra section<\/label><select id=\"wpforms-945-field_5\" class=\"wpforms-field-medium\" name=\"wpforms[fields][5]\"><option value=\"Choice 1\"  selected='selected'>Choice 1<\/option><option value=\"Violon\" >Violin<\/option><option value=\"Alto\" >Alto<\/option><option value=\"Violoncelle\" >Cello<\/option><option value=\"Contrebasse\" >Bass<\/option><option value=\"Fl\u00fbte\" >Flute<\/option><option value=\"Clarinette\" >Clarinet<\/option><option value=\"Hautbois\" >Oboe<\/option><option value=\"Basson\" >Bassoon<\/option><option value=\"Saxophone\" >Saxophone<\/option><option value=\"Cor\" >Horn<\/option><option value=\"Trompette\" >Trumpet<\/option><option value=\"Trombonne\" >Trombone<\/option><option value=\"Tuba\" >Tuba<\/option><option value=\"Percussion\" >Percussion<\/option><option value=\"Harpe\" >Harp<\/option><option value=\"Autre (\u00e0 pr\u00e9ciser dans le message)\" >Other (to be specified in the message)<\/option><\/select><div class=\"wpforms-field-description\">S\u00e9lectionnez votre instrument si vous souhaitez candidater \u00e0 l'orchestre.<\/div><\/div><div id=\"wpforms-945-field_6-container\" class=\"wpforms-field wpforms-field-select wpforms-field-select-style-classic\" data-field-id=\"6\"><label class=\"wpforms-field-label\" for=\"wpforms-945-field_6\">Choix pupitre ch\u0153ur<\/label><select id=\"wpforms-945-field_6\" class=\"wpforms-field-medium\" name=\"wpforms[fields][6]\"><option value=\"Choice 1\"  selected='selected'>Choice 1<\/option><option value=\"Soprano\" >Soprano<\/option><option value=\"Mezzo\" >Mezzo<\/option><option value=\"Alto\" >Alto<\/option><option value=\"T\u00e9nor\" >Tenor<\/option><option value=\"Baryton\" >Baritone<\/option><option value=\"Basse\" >Bass<\/option><\/select><div class=\"wpforms-field-description\">S\u00e9lectionnez votre voix si vous souhaitez candidater au ch\u0153ur.<\/div><\/div><div id=\"wpforms-945-field_7-container\" class=\"wpforms-field wpforms-field-select wpforms-field-select-style-classic\" data-field-id=\"7\"><label class=\"wpforms-field-label\" for=\"wpforms-945-field_7\">PSL institution attended<\/label><select id=\"wpforms-945-field_7\" class=\"wpforms-field-medium\" name=\"wpforms[fields][7]\"><option value=\"Choice 17\"  selected='selected'>Choice 17<\/option><option value=\"Coll\u00e8ge de France\" >Coll\u00e8ge de France<\/option><option value=\"Conservatoire National Sup\u00e9rieur d&#039;Art Dramatique - PSL\" >Conservatoire National Sup\u00e9rieur d&#039;Art Dramatique - PSL<\/option><option value=\"\u00c9cole nationale des chartes - PSL\" >\u00c9cole nationale des chartes - PSL<\/option><option value=\"\u00c9cole nationale sup\u00e9rieure de Chimie de Paris - PSL\" >\u00c9cole nationale sup\u00e9rieure de Chimie de Paris - PSL<\/option><option value=\"\u00c9cole nationale sup\u00e9rieure des Mines de Paris - PSL\" >\u00c9cole nationale sup\u00e9rieure des Mines de Paris - PSL<\/option><option value=\"\u00c9cole normale sup\u00e9rieure - PSL\" >\u00c9cole normale sup\u00e9rieure - PSL<\/option><option value=\"\u00c9cole Pratique des Hautes \u00c9tudes \u2013 PSL\" >\u00c9cole Pratique des Hautes \u00c9tudes \u2013 PSL<\/option><option value=\"ESPCI Paris - PSL\" >ESPCI Paris - PSL<\/option><option value=\"Institut Curie\" >Institut Curie<\/option><option value=\"Observatoire de Paris - PSL\" >Observatoire de Paris - PSL<\/option><option value=\"Paris-Dauphine - PSL\" >Paris-Dauphine - PSL<\/option><option value=\"Un des 3 organismes de recherche : CNRS, Inria, Inserm\" >One of the 3 research organizations: CNRS, Inria, Inserm<\/option><option value=\"Un des partenaires PSL\" >One of the PSL partners<\/option><option value=\"L&#039;universit\u00e9 PSL\" >PSL University<\/option><option value=\"Aucun \u00e9tablissement PSL\" >No PSL establishment<\/option><\/select><div class=\"wpforms-field-description\">Select your school or college if you are a student, teacher, alumni or staff member of one of the school or research organization of PSL University. Select the option \"one of the PSL partners\" if you are member of one of the following organisms : L\u2019\u00c9cole Fran\u00e7aise d'Extr\u00eame-Orient, l'Institut National de Service Public,  l\u2019\u00c9cole nationale sup\u00e9rieure des Arts D\u00e9coratifs, l'\u00c9cole nationale sup\u00e9rieure d'architecture Paris-Malaquais, la F\u00e9mis, les Beaux-Arts de Paris, le lyc\u00e9e Henri IV, le lyc\u00e9e Louis Le Grand, l'Institut Louis Bachelier, le Conservatoire National Sup\u00e9rieur de Musique et de Danse de Paris. Select the last option if not.<\/div><\/div><div id=\"wpforms-945-field_2-container\" class=\"wpforms-field wpforms-field-textarea\" data-field-id=\"2\"><label class=\"wpforms-field-label\" for=\"wpforms-945-field_2\">Message <span class=\"wpforms-required-label\">*<\/span><\/label><textarea id=\"wpforms-945-field_2\" class=\"wpforms-field-medium wpforms-field-required\" name=\"wpforms[fields][2]\" required><\/textarea><\/div><\/div><!-- .wpforms-field-container --><div class=\"wpforms-submit-container\" ><input type=\"hidden\" name=\"wpforms[id]\" value=\"945\"><input type=\"hidden\" name=\"page_title\" value=\"\"><input type=\"hidden\" name=\"page_url\" value=\"https:\/\/orchestreetchoeur-psl.eu\/en\/wp-json\/wp\/v2\/pages\/503\"><button type=\"submit\" name=\"wpforms[submit]\" id=\"wpforms-submit-945\" class=\"wpforms-submit\" data-alt-text=\"Envoi...\" data-submit-text=\"Envoyer\" aria-live=\"assertive\" value=\"wpforms-submit\">Submit<\/button><img decoding=\"async\" src=\"https:\/\/orchestreetchoeur-psl.eu\/wp-content\/plugins\/wpforms-lite\/assets\/images\/submit-spin.svg\" class=\"wpforms-submit-spinner\" style=\"display: none;\" width=\"26\" height=\"26\" alt=\"Loading\"><\/div><input type=\"hidden\" name=\"trp-form-language\" value=\"en\"\/><\/form><\/div>  <!-- .wpforms-container -->\t\t<\/div>\n\t\t\t\t<\/div>\n\t\t\t\t\t<\/div>\n\t\t<\/div>\n\t\t\t\t\t<\/div>\n\t\t<\/section>\n\t\t\t\t<\/div>","protected":false},"excerpt":{"rendered":"<p>Candidature Vous jouez d\u2019un instrument, vous chantez et vous souhaitez r\u00e9p\u00e9ter avec d\u2019autres \u00e9tudiants et jeunes professionnels dans une ambiance conviviale ? L\u2019Orchestre &amp; le Ch\u0153ur sont faits pour vous ! Nous recrutons pendant toute la saison qui s&#8217;\u00e9tend de septembre \u00e0 juin. L\u2019Orchestre r\u00e9p\u00e8te les lundis soirs (19h30-22h) dans le 5e arrondissement. Le Ch\u0153ur&#8230;<\/p>","protected":false},"author":1,"featured_media":0,"parent":0,"menu_order":0,"comment_status":"closed","ping_status":"closed","template":"","meta":{"_kadence_starter_templates_imported_post":false,"_kad_post_transparent":"","_kad_post_title":"","_kad_post_layout":"","_kad_post_sidebar_id":"","_kad_post_content_style":"","_kad_post_vertical_padding":"","_kad_post_feature":"","_kad_post_feature_position":"","_kad_post_header":false,"_kad_post_footer":false,"_kad_post_classname":"","footnotes":""},"class_list":["post-503","page","type-page","status-publish","hentry"],"_links":{"self":[{"href":"https:\/\/orchestreetchoeur-psl.eu\/en\/wp-json\/wp\/v2\/pages\/503","targetHints":{"allow":["GET"]}}],"collection":[{"href":"https:\/\/orchestreetchoeur-psl.eu\/en\/wp-json\/wp\/v2\/pages"}],"about":[{"href":"https:\/\/orchestreetchoeur-psl.eu\/en\/wp-json\/wp\/v2\/types\/page"}],"author":[{"embeddable":true,"href":"https:\/\/orchestreetchoeur-psl.eu\/en\/wp-json\/wp\/v2\/users\/1"}],"replies":[{"embeddable":true,"href":"https:\/\/orchestreetchoeur-psl.eu\/en\/wp-json\/wp\/v2\/comments?post=503"}],"version-history":[{"count":51,"href":"https:\/\/orchestreetchoeur-psl.eu\/en\/wp-json\/wp\/v2\/pages\/503\/revisions"}],"predecessor-version":[{"id":4091,"href":"https:\/\/orchestreetchoeur-psl.eu\/en\/wp-json\/wp\/v2\/pages\/503\/revisions\/4091"}],"wp:attachment":[{"href":"https:\/\/orchestreetchoeur-psl.eu\/en\/wp-json\/wp\/v2\/media?parent=503"}],"curies":[{"name":"wp","href":"https:\/\/api.w.org\/{rel}","templated":true}]}}