{"id":413,"date":"2021-12-15T19:25:10","date_gmt":"2021-12-15T18:25:10","guid":{"rendered":"https:\/\/classicstreet.org\/?page_id=413"},"modified":"2024-06-13T14:24:42","modified_gmt":"2024-06-13T12:24:42","slug":"johan-farjot","status":"publish","type":"page","link":"https:\/\/orchestreetchoeur-psl.eu\/en\/johan-farjot\/","title":{"rendered":"Johan Farjot"},"content":{"rendered":"<div data-elementor-type=\"wp-page\" data-elementor-id=\"413\" class=\"elementor elementor-413\">\n\t\t\t\t\t\t<section class=\"elementor-section elementor-top-section elementor-element elementor-element-ed5a364 elementor-section-boxed elementor-section-height-default elementor-section-height-default\" data-id=\"ed5a364\" data-element_type=\"section\">\n\t\t\t\t\t\t<div class=\"elementor-container elementor-column-gap-default\">\n\t\t\t\t\t<div class=\"elementor-column elementor-col-100 elementor-top-column elementor-element elementor-element-f3da492\" data-id=\"f3da492\" data-element_type=\"column\">\n\t\t\t<div class=\"elementor-widget-wrap elementor-element-populated\">\n\t\t\t\t\t\t<div class=\"elementor-element elementor-element-184ae72 elementor-widget elementor-widget-heading\" data-id=\"184ae72\" data-element_type=\"widget\" data-widget_type=\"heading.default\">\n\t\t\t\t<div class=\"elementor-widget-container\">\n\t\t\t<h2 class=\"elementor-heading-title elementor-size-default\">Johan Farjot<\/h2>\t\t<\/div>\n\t\t\t\t<\/div>\n\t\t\t\t\t<\/div>\n\t\t<\/div>\n\t\t\t\t\t<\/div>\n\t\t<\/section>\n\t\t\t\t<section class=\"elementor-section elementor-top-section elementor-element elementor-element-46af6ef7 elementor-section-boxed elementor-section-height-default elementor-section-height-default\" data-id=\"46af6ef7\" data-element_type=\"section\">\n\t\t\t\t\t\t<div class=\"elementor-container elementor-column-gap-default\">\n\t\t\t\t\t<div class=\"elementor-column elementor-col-100 elementor-top-column elementor-element elementor-element-598cb5e7\" data-id=\"598cb5e7\" data-element_type=\"column\">\n\t\t\t<div class=\"elementor-widget-wrap elementor-element-populated\">\n\t\t\t\t\t\t<div class=\"elementor-element elementor-element-236cc3c8 elementor-widget elementor-widget-text-editor\" data-id=\"236cc3c8\" data-element_type=\"widget\" data-widget_type=\"text-editor.default\">\n\t\t\t\t<div class=\"elementor-widget-container\">\n\t\t\t\t\t\t\t<!-- wp:media-text {\"align\":\"\",\"mediaId\":421,\"mediaType\":\"image\",\"mediaWidth\":36} -->\n<div class=\"wp-block-media-text is-stacked-on-mobile\" style=\"grid-template-columns:36% auto\"><figure class=\"wp-block-media-text__media\"><img decoding=\"async\" width=\"260\" height=\"154\" src=\"https:\/\/orchestreetchoeur-psl.eu\/wp-content\/uploads\/2021\/12\/260px-Johan_Farjot.jpg\" alt=\"\" class=\"wp-image-421 size-full\"\/><\/figure><div class=\"wp-block-media-text__content\"><!-- wp:paragraph {\"placeholder\":\"Contenu\u2026\",\"style\":{\"typography\":{\"fontSize\":\"16px\"}}} -->\n<p style=\"font-size:16px\">Johan Farjot was born in Saint-\u00c9tienne, where he learned music at the local regional conservatory. He further pursued his musical education at the National Conservatory of Music and Dance in Paris where he taught by Micha\u00ebl Levinas, Thierry Escaich, Zsolt Nagy, and many other renowned musicians. As of current, he is a five time prize recipient (harmony, counterpoint, fugue, analysis, conducting). <\/p>\n<!-- \/wp:paragraph --><\/div><\/div>\n<!-- \/wp:media-text -->\n\n<!-- wp:paragraph -->\n<p><\/p>\n<!-- \/wp:paragraph -->\n\n<!-- wp:paragraph -->\n<p>Holder of the music aggregation, Johan Farjot also studied chamber music at the National Conservatory of Music and Dance in Lyon.<\/p>\n<!-- \/wp:paragraph -->\n\n<!-- wp:heading -->\n<h2>Musical Activities<\/h2>\n<!-- \/wp:heading -->\n\n<!-- wp:heading {\"level\":3} -->\n<h3>Composer, arranger<\/h3>\n<!-- \/wp:heading -->\n\n<!-- wp:paragraph -->\n<p>A multi-faceted composer, Johan Farjot strives to refrain from restricting himself into stylistic labels. His work is defended by many performers as evidenced by his discography (Diapason d'Or, Diapason de l'Ann\u00e9e, Choix de France Musique, etc.), released in August 2019 by Outhere - Fuga Libera, <em>Contemporary Clarinet Concertos<\/em>.<\/p>\n<!-- \/wp:paragraph -->\n\n<!-- wp:paragraph -->\n<p>This disc features the concertos of Lindberg and Hartmann, his triple concerto <em>Fantasme &#8211; Cercles de Mana<\/em> for viola (Arnaud Thorette), cello (Antoine Pierlot), clarinet (Jean-Luc Votano) and orchestra (Orchestre Philharmonique Royal de Li\u00e8ge conducted by Christian Arming).<\/p>\n<!-- \/wp:paragraph -->\n\n<!-- wp:paragraph -->\n<p>A monograph was also released digitally in May 2020 (physical release in September 2020) by Klarthe. Under the title <em>Childhood<\/em>, this project presents chamber pieces by Johan Farjot performed by about thirty artists (such as the Ensemble Contraste, Genevi\u00e8ve Laurenceau, J\u00e9r\u00f4me Ducros, Pierre G\u00e9nisson, etc.)<\/p>\n<!-- \/wp:paragraph -->\n\n<!-- wp:paragraph -->\n<p>The composer Johan Farjot also approaches other styles, as evidenced by his pop book-disc published with the Ensemble Contraste, in 2017 at Gallimard. This particular diss is entitled <em>Georgia, Tous mes R\u00eaves chantent<\/em> (auteur&nbsp;: Thimot\u00e9e de Fombelle, illustrateur&nbsp;: Benjamin Chaud) en partenariat avec l&#8217;association <em>SOS Villages d&#8217;enfants<\/em>. Many noteworthy artists participated and sang his music (such as Alain Chamfort, Emily Loizeau, Albin de la Simone, Marie Oppert, etc.).<\/p>\n<!-- \/wp:paragraph -->\n\n<!-- wp:paragraph -->\n<p>In the same vein, he has a book-disc for children entitled <em>Siam \u2013 Au fil de l\u2019eau<\/em>(author: Arnaud Thorette, illustrator: Olivier Latyk) one that also involves a large number or artists (G\u00e9rard Jugnot, Fran\u00e7ois-Xavier Demaison, Juliette, Tim Dup, etc.) and is in partnership with the Association <em>Le Rire m\u00e9decin<\/em>.<\/p>\n<!-- \/wp:paragraph -->\n\n<!-- wp:paragraph -->\n<p>Furthermore, he hopes to reimagine the works of  Schubert in a disc by the Ensemble Contraste alongside the folk-influenced singer, Rosemary Standley, on Alpha (<em>Schubert in Love<\/em>), for the start of the summer 2020.<\/p>\n<!-- \/wp:paragraph -->\n\n<!-- wp:paragraph -->\n<p>As a musical arranger, Johan Farjot likes to shed new light on the music he is working on. From musical theatre (<em>Song,<\/em> Na\u00efve, 2011, alongside opera singers such as Karine Deshayes, Sandrine Piau, Magali L\u00e9ger, Alain Buet, S\u00e9bastien Droy or S\u00e9bastien Gu\u00e8ze) to J.S. Bach (<em>\"Transcripts\"<\/em>, Dolce Volta, 2013), as well as through the tango (<em>\u00ab&nbsp;Caf\u00e9 1930&nbsp;\u00bb<\/em>, Zig-Zag Territoires, 2009 and \u00ab&nbsp;<em>Besame Mucho<\/em>&nbsp;\u00bb, Apart\u00e9, 2017, with l\u2019Orchestre Philharmonique Royal de Li\u00e8ge) he proposes a variety of acclaimed works in his repertoire.<\/p>\n<!-- \/wp:paragraph -->\n\n<!-- wp:paragraph -->\n<p>We must also mention his research on the borders of jazz with his compositions aimed at a very particular ensemble (two keyboards with Karol Beffa, Arnaud Thorette on the alto and Rapha\u00ebl Imbert on the saxophone) for a disc entitled <em>Miroir(s)<\/em> published in 2013 by Na\u00efve in which he interprets great classic themes of the collective imagination.<br><\/p>\n<!-- \/wp:paragraph -->\n\n<!-- wp:heading {\"level\":3} -->\n<h3>Pianist, conductor<\/h3>\n<!-- \/wp:heading -->\n\n<!-- wp:paragraph -->\n<p>A pianist within the Contraste ensemble (which he created and co-directs with the violinist and violist, Arnaud Thorette), Farjot has an intense discography and performs with prestigious partners in numerous festivals and concert seasons in France and abroad.<\/p>\n<!-- \/wp:paragraph -->\n\n<!-- wp:paragraph -->\n<p>Among the thirty recordings he has recorded, there are several worth mentioning: in 2009, with Cypr\u00e8s, a disc devoted to the music of Bruch (Diapason d\u2019Or); in 2010, at Zig-Zag Territoires, the three <em>sonatas<\/em> by Brahms for violin and piano with Genevi\u00e8ve Laurenceau, as well as a Faur\u00e9 disc with the first <em>Quartet<\/em> with piano and <em>La Bonne Chanson<\/em> with the Ensemble Contraste and Karine Deshayes (Diamond from Op\u00e9ra Magazine); and again in 2010 alongside the Initium ensemble, a monograph dedicated to Onslow with Timpani (Choc Classica); and finally in 2012, with the same performers, a disc dedicated to Charles Koechlin.<\/p>\n<!-- \/wp:paragraph -->\n\n<!-- wp:paragraph -->\n<p>He has also recorded a Bach disc with Dolce Volta (Harmonia Mundi) with the Ensemble Contraste as well as a Schumann disc with Cypr\u00e8s with Jean-Luc Votano and Arnaud Thorette.<\/p>\n<!-- \/wp:paragraph -->\n\n<!-- wp:paragraph -->\n<p>In 2015, two records were released by Apart\u00e9: <em>Apr\u00e8s un r\u00eave<\/em>, disc of French melodies performed by mezzo-soprano Karine Deshayes and <em>Into the dark<\/em>, pieces for string orchestra by Karol Beffa with Karine Deshayes, Arnaud Thorette, Emmanuel Ceysson and the expanded Ensemble Contraste, conducted by Johan Farjot (Clic de Classique News, Grand Prix des Lyc\u00e9ens).<\/p>\n<!-- \/wp:paragraph -->\n\n<!-- wp:paragraph -->\n<p>As a dedicated performer, Johan Farjot continues to strive for creation (and have recreated works by Karol Beffa, Philippe Hersant, etc.).<\/p>\n<!-- \/wp:paragraph -->\n\n<!-- wp:paragraph -->\n<p>In addition, Johan Farjot is well known in the world of jazz and participates as a pianist along\ngreat performers such as Anne Paceo, Hugh Coltman, Daniel Humair or Andr\u00e9 Ceccarelli. He is\nthe co-artistic director, alongside saxophonist Rapha\u00ebl Imbert, of the series \u201cLes 1001 Nuits du\nJazz\u201d since March 2016, at Bal Blomet, a historic Jazz club in <abbr title=\"Fifteenth\">15<sup>th<\/sup><\/abbr> district (2 concerts per month\nwith many guests). A discographic testimony <em>live<\/em> was published in the spring of 2020 by\nMDC\/Pias (<em>Les Mille et un Nuits du Jazz. Johan Farjot, Rapha\u00ebl Imbert and Guests<\/em>.<\/p>\n<!-- \/wp:paragraph -->\n\n<!-- wp:paragraph -->\n<p>Johan Farjot directs the choro-symphonic phalanxes and the musical coordination of the\nUniversity of Paris Sciences and Lettres, where he is the guest of several formations in France\nand abroad: Orchestre National du Capitole de Toulouse, Orchestre de la Radio of Bratislava, Durban Philharmonic Orchestra, Marseille Opera Orchestra, National Orchestra of Auvergne, Jan Talich Orchestra of Prague, Berliner Symphoniker, etc.<\/p>\n<!-- \/wp:paragraph -->\t\t\t\t\t\t<\/div>\n\t\t\t\t<\/div>\n\t\t\t\t\t<\/div>\n\t\t<\/div>\n\t\t\t\t\t<\/div>\n\t\t<\/section>\n\t\t\t\t<\/div>","protected":false},"excerpt":{"rendered":"<p>Johan Farjot Johan Farjot est n\u00e9 \u00e0 Saint-\u00c9tienne, o\u00f9 il apprend la musique au sein du conservatoire \u00e0 rayonnement r\u00e9gional local. Il se perfectionne ensuite au Conservatoire national sup\u00e9rieur de musique et de danse de Paris o\u00f9 il suit, entre autres, l&#8217;enseignement de Micha\u00ebl Levinas, Thierry Escaich, Zsolt Nagy. Il y remporte cinq prix (harmonie,&#8230;<\/p>","protected":false},"author":1,"featured_media":0,"parent":0,"menu_order":0,"comment_status":"closed","ping_status":"closed","template":"","meta":{"_kadence_starter_templates_imported_post":false,"_kad_post_transparent":"","_kad_post_title":"","_kad_post_layout":"narrow","_kad_post_sidebar_id":"","_kad_post_content_style":"","_kad_post_vertical_padding":"","_kad_post_feature":"","_kad_post_feature_position":"","_kad_post_header":false,"_kad_post_footer":false,"_kad_post_classname":"","footnotes":""},"class_list":["post-413","page","type-page","status-publish","hentry"],"_links":{"self":[{"href":"https:\/\/orchestreetchoeur-psl.eu\/en\/wp-json\/wp\/v2\/pages\/413","targetHints":{"allow":["GET"]}}],"collection":[{"href":"https:\/\/orchestreetchoeur-psl.eu\/en\/wp-json\/wp\/v2\/pages"}],"about":[{"href":"https:\/\/orchestreetchoeur-psl.eu\/en\/wp-json\/wp\/v2\/types\/page"}],"author":[{"embeddable":true,"href":"https:\/\/orchestreetchoeur-psl.eu\/en\/wp-json\/wp\/v2\/users\/1"}],"replies":[{"embeddable":true,"href":"https:\/\/orchestreetchoeur-psl.eu\/en\/wp-json\/wp\/v2\/comments?post=413"}],"version-history":[{"count":5,"href":"https:\/\/orchestreetchoeur-psl.eu\/en\/wp-json\/wp\/v2\/pages\/413\/revisions"}],"predecessor-version":[{"id":3881,"href":"https:\/\/orchestreetchoeur-psl.eu\/en\/wp-json\/wp\/v2\/pages\/413\/revisions\/3881"}],"wp:attachment":[{"href":"https:\/\/orchestreetchoeur-psl.eu\/en\/wp-json\/wp\/v2\/media?parent=413"}],"curies":[{"name":"wp","href":"https:\/\/api.w.org\/{rel}","templated":true}]}}