{"id":24,"date":"2021-12-02T15:52:34","date_gmt":"2021-12-02T14:52:34","guid":{"rendered":"https:\/\/classicstreet.org\/?page_id=24"},"modified":"2024-06-14T13:55:11","modified_gmt":"2024-06-14T11:55:11","slug":"noussoutenir","status":"publish","type":"page","link":"https:\/\/orchestreetchoeur-psl.eu\/en\/noussoutenir\/","title":{"rendered":"Support OC-PSL"},"content":{"rendered":"<div data-elementor-type=\"wp-page\" data-elementor-id=\"24\" class=\"elementor elementor-24\">\n\t\t\t\t\t\t<section class=\"elementor-section elementor-top-section elementor-element elementor-element-fb70350 elementor-section-boxed elementor-section-height-default elementor-section-height-default\" data-id=\"fb70350\" data-element_type=\"section\">\n\t\t\t\t\t\t<div class=\"elementor-container elementor-column-gap-default\">\n\t\t\t\t\t<div class=\"elementor-column elementor-col-100 elementor-top-column elementor-element elementor-element-4964dac\" data-id=\"4964dac\" data-element_type=\"column\">\n\t\t\t<div class=\"elementor-widget-wrap\">\n\t\t\t\t\t\t\t<\/div>\n\t\t<\/div>\n\t\t\t\t\t<\/div>\n\t\t<\/section>\n\t\t\t\t<section class=\"elementor-section elementor-top-section elementor-element elementor-element-37ad255 elementor-section-boxed elementor-section-height-default elementor-section-height-default\" data-id=\"37ad255\" data-element_type=\"section\">\n\t\t\t\t\t\t<div class=\"elementor-container elementor-column-gap-default\">\n\t\t\t\t\t<div class=\"elementor-column elementor-col-100 elementor-top-column elementor-element elementor-element-3835fb9\" data-id=\"3835fb9\" data-element_type=\"column\">\n\t\t\t<div class=\"elementor-widget-wrap elementor-element-populated\">\n\t\t\t\t\t\t<div class=\"elementor-element elementor-element-3126033 elementor-widget elementor-widget-heading\" data-id=\"3126033\" data-element_type=\"widget\" data-widget_type=\"heading.default\">\n\t\t\t\t<div class=\"elementor-widget-container\">\n\t\t\t<h2 class=\"elementor-heading-title elementor-size-default\">PSL Orchestra &amp; Choir needs you !<\/h2>\t\t<\/div>\n\t\t\t\t<\/div>\n\t\t\t\t<div class=\"elementor-element elementor-element-8217727 elementor-widget elementor-widget-spacer\" data-id=\"8217727\" data-element_type=\"widget\" data-widget_type=\"spacer.default\">\n\t\t\t\t<div class=\"elementor-widget-container\">\n\t\t\t\t\t<div class=\"elementor-spacer\">\n\t\t\t<div class=\"elementor-spacer-inner\"><\/div>\n\t\t<\/div>\n\t\t\t\t<\/div>\n\t\t\t\t<\/div>\n\t\t\t\t\t<\/div>\n\t\t<\/div>\n\t\t\t\t\t<\/div>\n\t\t<\/section>\n\t\t\t\t<section class=\"elementor-section elementor-top-section elementor-element elementor-element-09cf1ee elementor-section-boxed elementor-section-height-default elementor-section-height-default\" data-id=\"09cf1ee\" data-element_type=\"section\">\n\t\t\t\t\t\t<div class=\"elementor-container elementor-column-gap-default\">\n\t\t\t\t\t<div class=\"elementor-column elementor-col-50 elementor-top-column elementor-element elementor-element-1bf06f2\" data-id=\"1bf06f2\" data-element_type=\"column\">\n\t\t\t<div class=\"elementor-widget-wrap elementor-element-populated\">\n\t\t\t\t\t\t<div class=\"elementor-element elementor-element-14015ff elementor-widget elementor-widget-image\" data-id=\"14015ff\" data-element_type=\"widget\" data-widget_type=\"image.default\">\n\t\t\t\t<div class=\"elementor-widget-container\">\n\t\t\t\t\t\t\t\t\t\t\t\t\t<img fetchpriority=\"high\" decoding=\"async\" width=\"1024\" height=\"683\" src=\"https:\/\/orchestreetchoeur-psl.eu\/wp-content\/uploads\/2024\/06\/DSCF9528-1024x683.jpg\" class=\"attachment-large size-large wp-image-3902\" alt=\"\" srcset=\"https:\/\/orchestreetchoeur-psl.eu\/wp-content\/uploads\/2024\/06\/DSCF9528-1024x683.jpg 1024w, https:\/\/orchestreetchoeur-psl.eu\/wp-content\/uploads\/2024\/06\/DSCF9528-300x200.jpg 300w, https:\/\/orchestreetchoeur-psl.eu\/wp-content\/uploads\/2024\/06\/DSCF9528-768x512.jpg 768w, https:\/\/orchestreetchoeur-psl.eu\/wp-content\/uploads\/2024\/06\/DSCF9528-1536x1024.jpg 1536w, https:\/\/orchestreetchoeur-psl.eu\/wp-content\/uploads\/2024\/06\/DSCF9528-2048x1366.jpg 2048w, https:\/\/orchestreetchoeur-psl.eu\/wp-content\/uploads\/2024\/06\/DSCF9528-18x12.jpg 18w\" sizes=\"(max-width: 1024px) 100vw, 1024px\" \/>\t\t\t\t\t\t\t\t\t\t\t\t\t<\/div>\n\t\t\t\t<\/div>\n\t\t\t\t<div class=\"elementor-element elementor-element-5a23ab4 elementor-widget elementor-widget-spacer\" data-id=\"5a23ab4\" data-element_type=\"widget\" data-widget_type=\"spacer.default\">\n\t\t\t\t<div class=\"elementor-widget-container\">\n\t\t\t\t\t<div class=\"elementor-spacer\">\n\t\t\t<div class=\"elementor-spacer-inner\"><\/div>\n\t\t<\/div>\n\t\t\t\t<\/div>\n\t\t\t\t<\/div>\n\t\t\t\t<div class=\"elementor-element elementor-element-215c258 elementor-widget elementor-widget-image\" data-id=\"215c258\" data-element_type=\"widget\" data-widget_type=\"image.default\">\n\t\t\t\t<div class=\"elementor-widget-container\">\n\t\t\t\t\t\t\t\t\t\t\t\t\t<img decoding=\"async\" width=\"1024\" height=\"683\" src=\"https:\/\/orchestreetchoeur-psl.eu\/wp-content\/uploads\/2024\/06\/DSCF7772-1024x683.jpg\" class=\"attachment-large size-large wp-image-3924\" alt=\"\" srcset=\"https:\/\/orchestreetchoeur-psl.eu\/wp-content\/uploads\/2024\/06\/DSCF7772-1024x683.jpg 1024w, https:\/\/orchestreetchoeur-psl.eu\/wp-content\/uploads\/2024\/06\/DSCF7772-300x200.jpg 300w, https:\/\/orchestreetchoeur-psl.eu\/wp-content\/uploads\/2024\/06\/DSCF7772-768x512.jpg 768w, https:\/\/orchestreetchoeur-psl.eu\/wp-content\/uploads\/2024\/06\/DSCF7772-1536x1024.jpg 1536w, https:\/\/orchestreetchoeur-psl.eu\/wp-content\/uploads\/2024\/06\/DSCF7772-2048x1365.jpg 2048w, https:\/\/orchestreetchoeur-psl.eu\/wp-content\/uploads\/2024\/06\/DSCF7772-18x12.jpg 18w\" sizes=\"(max-width: 1024px) 100vw, 1024px\" \/>\t\t\t\t\t\t\t\t\t\t\t\t\t<\/div>\n\t\t\t\t<\/div>\n\t\t\t\t\t<\/div>\n\t\t<\/div>\n\t\t\t\t<div class=\"elementor-column elementor-col-50 elementor-top-column elementor-element elementor-element-4c8e1da\" data-id=\"4c8e1da\" data-element_type=\"column\">\n\t\t\t<div class=\"elementor-widget-wrap elementor-element-populated\">\n\t\t\t\t\t\t<div class=\"elementor-element elementor-element-b19169e elementor-widget__width-initial elementor-widget elementor-widget-text-editor\" data-id=\"b19169e\" data-element_type=\"widget\" data-widget_type=\"text-editor.default\">\n\t\t\t\t<div class=\"elementor-widget-container\">\n\t\t\t\t\t\t\t<p>PSL Orchestra &amp; Choir is managed by the Musique@PSL association which organizes not only weekly rehearsals but also many projects throughout the year : the Spring Festival of PSL University,\u00a0<span style=\"color: var( --e-global-color-kadence3 ); font-family: var( --e-global-typography-text-font-family ), Sans-serif; font-weight: var( --e-global-typography-text-font-weight ); background-color: transparent;\">great choro-symphonic concerts and maybe, thanks to you,\u00a0<\/span><span style=\"color: var( --e-global-color-kadence3 ); font-family: var( --e-global-typography-text-font-family ), Sans-serif; font-weight: var( --e-global-typography-text-font-weight ); background-color: transparent;\">tours in France and abroad...<\/span><\/p><p>Even though the board and all members of Musique@PSL are volunteers, the association employs artistic and administrative professionnals  and needs substantial means to finance and carry out its projects.<\/p><p><b>Your help is essential for PSL Orchestra &amp; Choir and the realization of its events ! You can donate by following the link below.<\/b><\/p><p>PSL Orchestra &amp; Choir thanks you for your support !<\/p><p>\u00a0<\/p>\t\t\t\t\t\t<\/div>\n\t\t\t\t<\/div>\n\t\t\t\t<div class=\"elementor-element elementor-element-b99715d elementor-align-center elementor-widget elementor-widget-button\" data-id=\"b99715d\" data-element_type=\"widget\" data-widget_type=\"button.default\">\n\t\t\t\t<div class=\"elementor-widget-container\">\n\t\t\t\t\t<div class=\"elementor-button-wrapper\">\n\t\t\t<a class=\"elementor-button elementor-button-link elementor-size-xl\" href=\"https:\/\/www.helloasso.com\/associations\/musique-paris-sciences-et-lettres\/formulaires\/1\" target=\"_blank\" rel=\"noopener\">\n\t\t\t\t\t\t<span class=\"elementor-button-content-wrapper\">\n\t\t\t\t\t\t\t\t\t<span class=\"elementor-button-text\">Make a donation<\/span>\n\t\t\t\t\t<\/span>\n\t\t\t\t\t<\/a>\n\t\t<\/div>\n\t\t\t\t<\/div>\n\t\t\t\t<\/div>\n\t\t\t\t\t<\/div>\n\t\t<\/div>\n\t\t\t\t\t<\/div>\n\t\t<\/section>\n\t\t\t\t<section class=\"elementor-section elementor-top-section elementor-element elementor-element-febfd9f elementor-section-boxed elementor-section-height-default elementor-section-height-default\" data-id=\"febfd9f\" data-element_type=\"section\">\n\t\t\t\t\t\t<div class=\"elementor-container elementor-column-gap-default\">\n\t\t\t\t\t<div class=\"elementor-column elementor-col-100 elementor-top-column elementor-element elementor-element-6daf437\" data-id=\"6daf437\" data-element_type=\"column\">\n\t\t\t<div class=\"elementor-widget-wrap elementor-element-populated\">\n\t\t\t\t\t\t<div class=\"elementor-element elementor-element-c5961bb elementor-widget elementor-widget-spacer\" data-id=\"c5961bb\" data-element_type=\"widget\" data-widget_type=\"spacer.default\">\n\t\t\t\t<div class=\"elementor-widget-container\">\n\t\t\t\t\t<div class=\"elementor-spacer\">\n\t\t\t<div class=\"elementor-spacer-inner\"><\/div>\n\t\t<\/div>\n\t\t\t\t<\/div>\n\t\t\t\t<\/div>\n\t\t\t\t\t<\/div>\n\t\t<\/div>\n\t\t\t\t\t<\/div>\n\t\t<\/section>\n\t\t\t\t<section class=\"elementor-section elementor-top-section elementor-element elementor-element-0fc550d elementor-section-boxed elementor-section-height-default elementor-section-height-default\" data-id=\"0fc550d\" data-element_type=\"section\">\n\t\t\t\t\t\t<div class=\"elementor-container elementor-column-gap-default\">\n\t\t\t\t\t<div class=\"elementor-column elementor-col-100 elementor-top-column elementor-element elementor-element-f8ca823\" data-id=\"f8ca823\" data-element_type=\"column\">\n\t\t\t<div class=\"elementor-widget-wrap elementor-element-populated\">\n\t\t\t\t\t\t<div class=\"elementor-element elementor-element-8e1c9d1 elementor-widget elementor-widget-text-editor\" data-id=\"8e1c9d1\" data-element_type=\"widget\" data-widget_type=\"text-editor.default\">\n\t\t\t\t<div class=\"elementor-widget-container\">\n\t\t\t\t\t\t\t<p>Donation to Musique@PSL give the right to a tax reduction.&nbsp;<span style=\"background-color: transparent;\">The association can provide tax receipts for each donation.<\/span><\/p><p>For any additional information, you can contact us&nbsp;<a href=\"https:\/\/orchestreetchoeur-psl.eu\/en\/contact\/\" target=\"_blank\" rel=\"noopener\">here<\/a><\/p>\t\t\t\t\t\t<\/div>\n\t\t\t\t<\/div>\n\t\t\t\t<div class=\"elementor-element elementor-element-99adfa3 elementor-widget-divider--view-line elementor-widget elementor-widget-divider\" data-id=\"99adfa3\" data-element_type=\"widget\" data-widget_type=\"divider.default\">\n\t\t\t\t<div class=\"elementor-widget-container\">\n\t\t\t\t\t<div class=\"elementor-divider\">\n\t\t\t<span class=\"elementor-divider-separator\">\n\t\t\t\t\t\t<\/span>\n\t\t<\/div>\n\t\t\t\t<\/div>\n\t\t\t\t<\/div>\n\t\t\t\t\t<\/div>\n\t\t<\/div>\n\t\t\t\t\t<\/div>\n\t\t<\/section>\n\t\t\t\t<section class=\"elementor-section elementor-top-section elementor-element elementor-element-8bd1d6b elementor-section-boxed elementor-section-height-default elementor-section-height-default\" data-id=\"8bd1d6b\" data-element_type=\"section\">\n\t\t\t\t\t\t<div class=\"elementor-container elementor-column-gap-default\">\n\t\t\t\t\t<div class=\"elementor-column elementor-col-100 elementor-top-column elementor-element elementor-element-f4f8269\" data-id=\"f4f8269\" data-element_type=\"column\">\n\t\t\t<div class=\"elementor-widget-wrap elementor-element-populated\">\n\t\t\t\t\t\t<div class=\"elementor-element elementor-element-ef5b638 elementor-widget elementor-widget-heading\" data-id=\"ef5b638\" data-element_type=\"widget\" data-widget_type=\"heading.default\">\n\t\t\t\t<div class=\"elementor-widget-container\">\n\t\t\t<h2 class=\"elementor-heading-title elementor-size-xl\">Our partners<\/h2>\t\t<\/div>\n\t\t\t\t<\/div>\n\t\t\t\t<div class=\"elementor-element elementor-element-36246ad elementor-widget elementor-widget-text-editor\" data-id=\"36246ad\" data-element_type=\"widget\" data-widget_type=\"text-editor.default\">\n\t\t\t\t<div class=\"elementor-widget-container\">\n\t\t\t\t\t\t\t<p>The association is supported by PSL University and Dauphine PSL and  maintain close bonds with them. Musique@PSL is also supported by the \"Fondation de la Musique Avant toute Chose\".<\/p>\t\t\t\t\t\t<\/div>\n\t\t\t\t<\/div>\n\t\t\t\t<div class=\"elementor-element elementor-element-870f19d elementor-widget elementor-widget-spacer\" data-id=\"870f19d\" data-element_type=\"widget\" data-widget_type=\"spacer.default\">\n\t\t\t\t<div class=\"elementor-widget-container\">\n\t\t\t\t\t<div class=\"elementor-spacer\">\n\t\t\t<div class=\"elementor-spacer-inner\"><\/div>\n\t\t<\/div>\n\t\t\t\t<\/div>\n\t\t\t\t<\/div>\n\t\t\t\t\t<\/div>\n\t\t<\/div>\n\t\t\t\t\t<\/div>\n\t\t<\/section>\n\t\t\t\t<section class=\"elementor-section elementor-top-section elementor-element elementor-element-f56f128 elementor-section-boxed elementor-section-height-default elementor-section-height-default\" data-id=\"f56f128\" data-element_type=\"section\">\n\t\t\t\t\t\t<div class=\"elementor-container elementor-column-gap-default\">\n\t\t\t\t\t<div class=\"elementor-column elementor-col-50 elementor-top-column elementor-element elementor-element-0c63363\" data-id=\"0c63363\" data-element_type=\"column\">\n\t\t\t<div class=\"elementor-widget-wrap elementor-element-populated\">\n\t\t\t\t\t\t<div class=\"elementor-element elementor-element-8ba86fe elementor-widget elementor-widget-image\" data-id=\"8ba86fe\" data-element_type=\"widget\" data-widget_type=\"image.default\">\n\t\t\t\t<div class=\"elementor-widget-container\">\n\t\t\t\t\t\t\t\t\t\t\t\t\t<img decoding=\"async\" width=\"300\" height=\"152\" src=\"https:\/\/orchestreetchoeur-psl.eu\/wp-content\/uploads\/2024\/05\/logo-PSL-300x152.jpg\" class=\"attachment-medium size-medium wp-image-3782\" alt=\"\" srcset=\"https:\/\/orchestreetchoeur-psl.eu\/wp-content\/uploads\/2024\/05\/logo-PSL-300x152.jpg 300w, https:\/\/orchestreetchoeur-psl.eu\/wp-content\/uploads\/2024\/05\/logo-PSL-18x9.jpg 18w, https:\/\/orchestreetchoeur-psl.eu\/wp-content\/uploads\/2024\/05\/logo-PSL.jpg 474w\" sizes=\"(max-width: 300px) 100vw, 300px\" \/>\t\t\t\t\t\t\t\t\t\t\t\t\t<\/div>\n\t\t\t\t<\/div>\n\t\t\t\t<div class=\"elementor-element elementor-element-164510c elementor-widget-divider--view-line elementor-widget elementor-widget-divider\" data-id=\"164510c\" data-element_type=\"widget\" data-widget_type=\"divider.default\">\n\t\t\t\t<div class=\"elementor-widget-container\">\n\t\t\t\t\t<div class=\"elementor-divider\">\n\t\t\t<span class=\"elementor-divider-separator\">\n\t\t\t\t\t\t<\/span>\n\t\t<\/div>\n\t\t\t\t<\/div>\n\t\t\t\t<\/div>\n\t\t\t\t<div class=\"elementor-element elementor-element-a1e05cf elementor-widget elementor-widget-image\" data-id=\"a1e05cf\" data-element_type=\"widget\" data-widget_type=\"image.default\">\n\t\t\t\t<div class=\"elementor-widget-container\">\n\t\t\t\t\t\t\t\t\t\t\t\t\t<img loading=\"lazy\" decoding=\"async\" width=\"300\" height=\"40\" src=\"https:\/\/orchestreetchoeur-psl.eu\/wp-content\/uploads\/2024\/05\/dauphine-bleu-1580400828-300x40.jpg\" class=\"attachment-medium size-medium wp-image-3783\" alt=\"\" srcset=\"https:\/\/orchestreetchoeur-psl.eu\/wp-content\/uploads\/2024\/05\/dauphine-bleu-1580400828-300x40.jpg 300w, https:\/\/orchestreetchoeur-psl.eu\/wp-content\/uploads\/2024\/05\/dauphine-bleu-1580400828-768x103.jpg 768w, https:\/\/orchestreetchoeur-psl.eu\/wp-content\/uploads\/2024\/05\/dauphine-bleu-1580400828-18x2.jpg 18w, https:\/\/orchestreetchoeur-psl.eu\/wp-content\/uploads\/2024\/05\/dauphine-bleu-1580400828.jpg 990w\" sizes=\"(max-width: 300px) 100vw, 300px\" \/>\t\t\t\t\t\t\t\t\t\t\t\t\t<\/div>\n\t\t\t\t<\/div>\n\t\t\t\t<div class=\"elementor-element elementor-element-1fd2fcb elementor-widget elementor-widget-spacer\" data-id=\"1fd2fcb\" data-element_type=\"widget\" data-widget_type=\"spacer.default\">\n\t\t\t\t<div class=\"elementor-widget-container\">\n\t\t\t\t\t<div class=\"elementor-spacer\">\n\t\t\t<div class=\"elementor-spacer-inner\"><\/div>\n\t\t<\/div>\n\t\t\t\t<\/div>\n\t\t\t\t<\/div>\n\t\t\t\t\t<\/div>\n\t\t<\/div>\n\t\t\t\t<div class=\"elementor-column elementor-col-50 elementor-top-column elementor-element elementor-element-75553e9\" data-id=\"75553e9\" data-element_type=\"column\" data-settings=\"{&quot;background_background&quot;:&quot;classic&quot;}\">\n\t\t\t<div class=\"elementor-widget-wrap elementor-element-populated\">\n\t\t\t\t\t\t<div class=\"elementor-element elementor-element-04bbc84 elementor-widget elementor-widget-spacer\" data-id=\"04bbc84\" data-element_type=\"widget\" data-widget_type=\"spacer.default\">\n\t\t\t\t<div class=\"elementor-widget-container\">\n\t\t\t\t\t<div class=\"elementor-spacer\">\n\t\t\t<div class=\"elementor-spacer-inner\"><\/div>\n\t\t<\/div>\n\t\t\t\t<\/div>\n\t\t\t\t<\/div>\n\t\t\t\t<div class=\"elementor-element elementor-element-a8f100d elementor-widget elementor-widget-text-editor\" data-id=\"a8f100d\" data-element_type=\"widget\" data-widget_type=\"text-editor.default\">\n\t\t\t\t<div class=\"elementor-widget-container\">\n\t\t\t\t\t\t\t<p>Under the terms of an agreement with <a href=\"https:\/\/psl.eu\/en\" target=\"_blank\" rel=\"noopener\">PSL University<\/a> and <a href=\"https:\/\/dauphine.psl.eu\/en\/\" target=\"_blank\" rel=\"noopener\">Dauphine PSL<\/a>, Musique@PSL receive an annual operating \nsubsidy and an access to several rehearsals and concerts spaces.<\/p><p>L&#8217; Universit\u00e9 PSL promeut ses actions, valorise la participation des \u00e9tudiants par l&#8217;attribution d&#8217;ECTS et f\u00e9d\u00e8re la communaut\u00e9 autour du projet.<\/p>\t\t\t\t\t\t<\/div>\n\t\t\t\t<\/div>\n\t\t\t\t\t<\/div>\n\t\t<\/div>\n\t\t\t\t\t<\/div>\n\t\t<\/section>\n\t\t\t\t<section class=\"elementor-section elementor-top-section elementor-element elementor-element-a3d6c51 elementor-section-boxed elementor-section-height-default elementor-section-height-default\" data-id=\"a3d6c51\" data-element_type=\"section\">\n\t\t\t\t\t\t<div class=\"elementor-container elementor-column-gap-default\">\n\t\t\t\t\t<div class=\"elementor-column elementor-col-100 elementor-top-column elementor-element elementor-element-3f213c3\" data-id=\"3f213c3\" data-element_type=\"column\">\n\t\t\t<div class=\"elementor-widget-wrap elementor-element-populated\">\n\t\t\t\t\t\t<div class=\"elementor-element elementor-element-8021d97 elementor-widget elementor-widget-spacer\" data-id=\"8021d97\" data-element_type=\"widget\" data-widget_type=\"spacer.default\">\n\t\t\t\t<div class=\"elementor-widget-container\">\n\t\t\t\t\t<div class=\"elementor-spacer\">\n\t\t\t<div class=\"elementor-spacer-inner\"><\/div>\n\t\t<\/div>\n\t\t\t\t<\/div>\n\t\t\t\t<\/div>\n\t\t\t\t\t<\/div>\n\t\t<\/div>\n\t\t\t\t\t<\/div>\n\t\t<\/section>\n\t\t\t\t<section class=\"elementor-section elementor-top-section elementor-element elementor-element-372bb30 elementor-section-boxed elementor-section-height-default elementor-section-height-default\" data-id=\"372bb30\" data-element_type=\"section\">\n\t\t\t\t\t\t<div class=\"elementor-container elementor-column-gap-default\">\n\t\t\t\t\t<div class=\"elementor-column elementor-col-50 elementor-top-column elementor-element elementor-element-39c5e21\" data-id=\"39c5e21\" data-element_type=\"column\" data-settings=\"{&quot;background_background&quot;:&quot;classic&quot;}\">\n\t\t\t<div class=\"elementor-widget-wrap elementor-element-populated\">\n\t\t\t\t\t\t<div class=\"elementor-element elementor-element-5c7304a elementor-widget elementor-widget-text-editor\" data-id=\"5c7304a\" data-element_type=\"widget\" data-widget_type=\"text-editor.default\">\n\t\t\t\t<div class=\"elementor-widget-container\">\n\t\t\t\t\t\t\t<p><a href=\"https:\/\/www.fondationmusique.org\/\" target=\"_blank\" rel=\"noopener\">La Fondation De la Musique avant toute chose<\/a>\u00a0is a major support of Musique@PSL<\/p>\t\t\t\t\t\t<\/div>\n\t\t\t\t<\/div>\n\t\t\t\t<div class=\"elementor-element elementor-element-8401d42 elementor-widget elementor-widget-text-editor\" data-id=\"8401d42\" data-element_type=\"widget\" data-widget_type=\"text-editor.default\">\n\t\t\t\t<div class=\"elementor-widget-container\">\n\t\t\t\t\t\t\t<p>The fundation supports projects in favor of composition, conservation, production, teaching and diffusion on media of occidental music (classical, jazz, contemporary musics).<br \/>It provides occasional help for specific projects (concerts, festivals..) and assist organizations that meet its objectives and convey their passion for music.<\/p>\t\t\t\t\t\t<\/div>\n\t\t\t\t<\/div>\n\t\t\t\t<div class=\"elementor-element elementor-element-9352c6f elementor-widget elementor-widget-text-editor\" data-id=\"9352c6f\" data-element_type=\"widget\" data-widget_type=\"text-editor.default\">\n\t\t\t\t<div class=\"elementor-widget-container\">\n\t\t\t\t\t\t\t<p>La Fondation aide particuli\u00e8rement les initiatives ou les structures impliquant des jeunes interpr\u00e8tes afin de dynamiser leurs projets. Elle est attentive \u00e0 promouvoir l&#8217;acc\u00e8s de la musique \u00e0 des publics qui en sont emp\u00each\u00e9s ou \u00e9loign\u00e9s.<\/p>\t\t\t\t\t\t<\/div>\n\t\t\t\t<\/div>\n\t\t\t\t\t<\/div>\n\t\t<\/div>\n\t\t\t\t<div class=\"elementor-column elementor-col-50 elementor-top-column elementor-element elementor-element-29a77d0\" data-id=\"29a77d0\" data-element_type=\"column\">\n\t\t\t<div class=\"elementor-widget-wrap elementor-element-populated\">\n\t\t\t\t\t\t<div class=\"elementor-element elementor-element-746adb0 elementor-widget elementor-widget-spacer\" data-id=\"746adb0\" data-element_type=\"widget\" data-widget_type=\"spacer.default\">\n\t\t\t\t<div class=\"elementor-widget-container\">\n\t\t\t\t\t<div class=\"elementor-spacer\">\n\t\t\t<div class=\"elementor-spacer-inner\"><\/div>\n\t\t<\/div>\n\t\t\t\t<\/div>\n\t\t\t\t<\/div>\n\t\t\t\t<div class=\"elementor-element elementor-element-6a1af28 elementor-widget elementor-widget-image\" data-id=\"6a1af28\" data-element_type=\"widget\" data-widget_type=\"image.default\">\n\t\t\t\t<div class=\"elementor-widget-container\">\n\t\t\t\t\t\t\t\t\t\t\t\t\t\t<a href=\"https:\/\/www.fondationmusique.org\/fondation.html\" target=\"_blank\" rel=\"noopener\">\n\t\t\t\t\t\t\t<img loading=\"lazy\" decoding=\"async\" width=\"300\" height=\"204\" src=\"https:\/\/orchestreetchoeur-psl.eu\/wp-content\/uploads\/2021\/12\/dlamatch-300x204.jpg\" class=\"attachment-medium size-medium wp-image-317\" alt=\"\" srcset=\"https:\/\/orchestreetchoeur-psl.eu\/wp-content\/uploads\/2021\/12\/dlamatch-300x204.jpg 300w, https:\/\/orchestreetchoeur-psl.eu\/wp-content\/uploads\/2021\/12\/dlamatch-1024x697.jpg 1024w, https:\/\/orchestreetchoeur-psl.eu\/wp-content\/uploads\/2021\/12\/dlamatch-768x523.jpg 768w, https:\/\/orchestreetchoeur-psl.eu\/wp-content\/uploads\/2021\/12\/dlamatch.jpg 1028w\" sizes=\"(max-width: 300px) 100vw, 300px\" \/>\t\t\t\t\t\t\t\t<\/a>\n\t\t\t\t\t\t\t\t\t\t\t\t\t<\/div>\n\t\t\t\t<\/div>\n\t\t\t\t\t<\/div>\n\t\t<\/div>\n\t\t\t\t\t<\/div>\n\t\t<\/section>\n\t\t\t\t<section class=\"elementor-section elementor-top-section elementor-element elementor-element-e7c6c3b elementor-section-boxed elementor-section-height-default elementor-section-height-default\" data-id=\"e7c6c3b\" data-element_type=\"section\">\n\t\t\t\t\t\t<div class=\"elementor-container elementor-column-gap-default\">\n\t\t\t\t\t<div class=\"elementor-column elementor-col-100 elementor-top-column elementor-element elementor-element-71c602b\" data-id=\"71c602b\" data-element_type=\"column\">\n\t\t\t<div class=\"elementor-widget-wrap elementor-element-populated\">\n\t\t\t\t\t\t<div class=\"elementor-element elementor-element-3447e2c elementor-widget-divider--view-line elementor-widget elementor-widget-divider\" data-id=\"3447e2c\" data-element_type=\"widget\" data-widget_type=\"divider.default\">\n\t\t\t\t<div class=\"elementor-widget-container\">\n\t\t\t\t\t<div class=\"elementor-divider\">\n\t\t\t<span class=\"elementor-divider-separator\">\n\t\t\t\t\t\t<\/span>\n\t\t<\/div>\n\t\t\t\t<\/div>\n\t\t\t\t<\/div>\n\t\t\t\t\t<\/div>\n\t\t<\/div>\n\t\t\t\t\t<\/div>\n\t\t<\/section>\n\t\t\t\t<section class=\"elementor-section elementor-top-section elementor-element elementor-element-b464609 elementor-section-boxed elementor-section-height-default elementor-section-height-default\" data-id=\"b464609\" data-element_type=\"section\">\n\t\t\t\t\t\t<div class=\"elementor-container elementor-column-gap-default\">\n\t\t\t\t\t<div class=\"elementor-column elementor-col-100 elementor-top-column elementor-element elementor-element-697570d\" data-id=\"697570d\" data-element_type=\"column\">\n\t\t\t<div class=\"elementor-widget-wrap\">\n\t\t\t\t\t\t\t<\/div>\n\t\t<\/div>\n\t\t\t\t\t<\/div>\n\t\t<\/section>\n\t\t\t\t<\/div>","protected":false},"excerpt":{"rendered":"<p>L&#8217;Orchestre et Ch\u0153ur PSL a besoin de vous ! L&#8217;Orchestre et le Choeur PSL sont g\u00e9r\u00e9s par l&#8217;association Musique@PSL qui organise, en plus des r\u00e9p\u00e9titions hebdomadaires, de nombreux projets tout au long de l&#8217;ann\u00e9e : le Festival de Printemps de l&#8217;Universit\u00e9 PSL,\u00a0des grands concerts choro-symphoniques, mais aussi, peut-\u00eatre gr\u00e2ce \u00e0 vous,\u00a0des tourn\u00e9es en France et&#8230;<\/p>","protected":false},"author":1,"featured_media":0,"parent":0,"menu_order":0,"comment_status":"closed","ping_status":"closed","template":"","meta":{"_kadence_starter_templates_imported_post":false,"_kad_post_transparent":"","_kad_post_title":"hide","_kad_post_layout":"fullwidth","_kad_post_sidebar_id":"","_kad_post_content_style":"unboxed","_kad_post_vertical_padding":"hide","_kad_post_feature":"hide","_kad_post_feature_position":"","_kad_post_header":false,"_kad_post_footer":false,"_kad_post_classname":"","footnotes":""},"class_list":["post-24","page","type-page","status-publish","hentry"],"_links":{"self":[{"href":"https:\/\/orchestreetchoeur-psl.eu\/en\/wp-json\/wp\/v2\/pages\/24","targetHints":{"allow":["GET"]}}],"collection":[{"href":"https:\/\/orchestreetchoeur-psl.eu\/en\/wp-json\/wp\/v2\/pages"}],"about":[{"href":"https:\/\/orchestreetchoeur-psl.eu\/en\/wp-json\/wp\/v2\/types\/page"}],"author":[{"embeddable":true,"href":"https:\/\/orchestreetchoeur-psl.eu\/en\/wp-json\/wp\/v2\/users\/1"}],"replies":[{"embeddable":true,"href":"https:\/\/orchestreetchoeur-psl.eu\/en\/wp-json\/wp\/v2\/comments?post=24"}],"version-history":[{"count":89,"href":"https:\/\/orchestreetchoeur-psl.eu\/en\/wp-json\/wp\/v2\/pages\/24\/revisions"}],"predecessor-version":[{"id":3927,"href":"https:\/\/orchestreetchoeur-psl.eu\/en\/wp-json\/wp\/v2\/pages\/24\/revisions\/3927"}],"wp:attachment":[{"href":"https:\/\/orchestreetchoeur-psl.eu\/en\/wp-json\/wp\/v2\/media?parent=24"}],"curies":[{"name":"wp","href":"https:\/\/api.w.org\/{rel}","templated":true}]}}