{"id":2330,"date":"2022-10-01T15:12:17","date_gmt":"2022-10-01T13:12:17","guid":{"rendered":"https:\/\/orchestreetchoeur-psl.eu\/?page_id=2330"},"modified":"2024-05-31T16:32:26","modified_gmt":"2024-05-31T14:32:26","slug":"acces-restreint","status":"publish","type":"page","link":"https:\/\/orchestreetchoeur-psl.eu\/en\/acces-restreint\/","title":{"rendered":"Acc\u00e8s restreint"},"content":{"rendered":"<div data-elementor-type=\"wp-page\" data-elementor-id=\"2330\" class=\"elementor elementor-2330\">\n\t\t\t\t\t\t<section class=\"elementor-section elementor-top-section elementor-element elementor-element-4ddf01f elementor-section-boxed elementor-section-height-default elementor-section-height-default\" data-id=\"4ddf01f\" data-element_type=\"section\">\n\t\t\t\t\t\t<div class=\"elementor-container elementor-column-gap-default\">\n\t\t\t\t\t<div class=\"elementor-column elementor-col-100 elementor-top-column elementor-element elementor-element-90b5bda\" data-id=\"90b5bda\" data-element_type=\"column\">\n\t\t\t<div class=\"elementor-widget-wrap elementor-element-populated\">\n\t\t\t\t\t\t<div class=\"elementor-element elementor-element-b42e386 elementor-widget elementor-widget-heading\" data-id=\"b42e386\" data-element_type=\"widget\" data-widget_type=\"heading.default\">\n\t\t\t\t<div class=\"elementor-widget-container\">\n\t\t\t<h2 class=\"elementor-heading-title elementor-size-default\">Member access<\/h2>\t\t<\/div>\n\t\t\t\t<\/div>\n\t\t\t\t\t<\/div>\n\t\t<\/div>\n\t\t\t\t\t<\/div>\n\t\t<\/section>\n\t\t\t\t<section class=\"elementor-section elementor-top-section elementor-element elementor-element-e6ecb68 elementor-section-boxed elementor-section-height-default elementor-section-height-default\" data-id=\"e6ecb68\" data-element_type=\"section\">\n\t\t\t\t\t\t<div class=\"elementor-container elementor-column-gap-default\">\n\t\t\t\t\t<div class=\"elementor-column elementor-col-100 elementor-top-column elementor-element elementor-element-6759732\" data-id=\"6759732\" data-element_type=\"column\">\n\t\t\t<div class=\"elementor-widget-wrap elementor-element-populated\">\n\t\t\t\t\t\t<div class=\"elementor-element elementor-element-ce2edb3 elementor-widget elementor-widget-heading\" data-id=\"ce2edb3\" data-element_type=\"widget\" data-widget_type=\"heading.default\">\n\t\t\t\t<div class=\"elementor-widget-container\">\n\t\t\t<h2 class=\"elementor-heading-title elementor-size-default\">Last news<\/h2>\t\t<\/div>\n\t\t\t\t<\/div>\n\t\t\t\t<section class=\"elementor-section elementor-inner-section elementor-element elementor-element-ce002e2 elementor-section-boxed elementor-section-height-default elementor-section-height-default\" data-id=\"ce002e2\" data-element_type=\"section\">\n\t\t\t\t\t\t<div class=\"elementor-container elementor-column-gap-default\">\n\t\t\t\t\t<div class=\"elementor-column elementor-col-33 elementor-inner-column elementor-element elementor-element-27b183b\" data-id=\"27b183b\" data-element_type=\"column\">\n\t\t\t<div class=\"elementor-widget-wrap elementor-element-populated\">\n\t\t\t\t\t\t<div class=\"elementor-element elementor-element-5fe4ae6 elementor-widget elementor-widget-text-editor\" data-id=\"5fe4ae6\" data-element_type=\"widget\" data-widget_type=\"text-editor.default\">\n\t\t\t\t<div class=\"elementor-widget-container\">\n\t\t\t\t\t\t\t<p>On those pages reserved for OCPSL members, you will find general information and : <a href=\"https:\/\/orchestreetchoeur-psl.eu\/en\/blog\/\"><br \/>\u00a0<\/a><br \/>&#8211; <strong><a href=\"https:\/\/orchestreetchoeur-psl.eu\/en\/blog\/\" target=\"_blank\" rel=\"noopener\">a blog<\/a><\/strong>, to communicate with all formations<\/p><p>- pages to download music sheets of <a href=\"https:\/\/orchestreetchoeur-psl.eu\/en\/blog\/partitions-orchestre\/\" target=\"_blank\" rel=\"noopener\"><strong>the Orchestra<\/strong>, <\/a><br \/><a href=\"https:\/\/orchestreetchoeur-psl.eu\/en\/blog\/partitions-choeur\/\" target=\"_blank\" rel=\"noopener\">the<strong> Choir<\/strong><\/a> <br \/>and the <a href=\"https:\/\/orchestreetchoeur-psl.eu\/en\/partitions-petit-choeur\/\" target=\"_blank\" rel=\"noopener\"><strong>Chamber Choir<\/strong><\/a><\/p><p><a href=\"https:\/\/orchestreetchoeur-psl.eu\/en\/blog\/photos\/\" target=\"_blank\" rel=\"noopener\">- some <strong>photos\/videos<\/strong> of the last events<\/a>.<\/p><p>You can also write messages directly <br \/>to the <strong>representants of <a href=\"https:\/\/orchestreetchoeur-psl.eu\/en\/message-aux-delegues-de-lorchestre\/\" target=\"_blank\" rel=\"noopener\">the orchestra<\/a><\/strong>, <br \/>to the <strong>representants of <a href=\"https:\/\/orchestreetchoeur-psl.eu\/en\/message-aux-delegues-du-choeur\/\" target=\"_blank\" rel=\"noopener\">the choir<\/a><\/strong> <br \/>and also to the <a href=\"https:\/\/orchestreetchoeur-psl.eu\/en\/message-au-delegue-general\/\" target=\"_blank\" rel=\"noopener\"><strong>managing director<\/strong><\/a>.\u00a0<\/p>\t\t\t\t\t\t<\/div>\n\t\t\t\t<\/div>\n\t\t\t\t\t<\/div>\n\t\t<\/div>\n\t\t\t\t<div class=\"elementor-column elementor-col-33 elementor-inner-column elementor-element elementor-element-f32a1a0\" data-id=\"f32a1a0\" data-element_type=\"column\">\n\t\t\t<div class=\"elementor-widget-wrap elementor-element-populated\">\n\t\t\t\t\t\t<div class=\"elementor-element elementor-element-8f6a7bf elementor-widget elementor-widget-heading\" data-id=\"8f6a7bf\" data-element_type=\"widget\" data-widget_type=\"heading.default\">\n\t\t\t\t<div class=\"elementor-widget-container\">\n\t\t\t<h2 class=\"elementor-heading-title elementor-size-default\">Orchestra<\/h2>\t\t<\/div>\n\t\t\t\t<\/div>\n\t\t\t\t<div class=\"elementor-element elementor-element-88e23ee elementor-widget elementor-widget-text-editor\" data-id=\"88e23ee\" data-element_type=\"widget\" data-widget_type=\"text-editor.default\">\n\t\t\t\t<div class=\"elementor-widget-container\">\n\t\t\t\t\t\t\t<p><em><span style=\"font-family: var(--global-body-font-family);\">Don't hesitate to look regulary at the <\/span><a style=\"font-family: var(--global-body-font-family);\" href=\"https:\/\/orchestreetchoeur-psl.eu\/en\/planning-3e-trimestre-2022-2023-modifie\/\">updated schedule<\/a><span style=\"font-family: var(--global-body-font-family);\"> or by following this link :<\/span><a style=\"font-family: var(--global-body-font-family);\" href=\"https:\/\/orchestreetchoeur-psl.eu\/wp-content\/uploads\/2023\/02\/Planning-Orchestre-2022-2023-misajour.pdf\" target=\"_blank\" rel=\"noopener\">https:\/\/orchestreetchoeur-psl.eu\/wp-content\/uploads\/2023\/02\/Planning-Orchestre-2022-2023-misajour.pdf<\/a><span style=\"font-family: var(--global-body-font-family);\">).<\/span><\/em><\/p>\t\t\t\t\t\t<\/div>\n\t\t\t\t<\/div>\n\t\t\t\t\t<\/div>\n\t\t<\/div>\n\t\t\t\t<div class=\"elementor-column elementor-col-33 elementor-inner-column elementor-element elementor-element-f138658\" data-id=\"f138658\" data-element_type=\"column\">\n\t\t\t<div class=\"elementor-widget-wrap elementor-element-populated\">\n\t\t\t\t\t\t<div class=\"elementor-element elementor-element-4980413 elementor-widget elementor-widget-heading\" data-id=\"4980413\" data-element_type=\"widget\" data-widget_type=\"heading.default\">\n\t\t\t\t<div class=\"elementor-widget-container\">\n\t\t\t<h2 class=\"elementor-heading-title elementor-size-default\">Choir<\/h2>\t\t<\/div>\n\t\t\t\t<\/div>\n\t\t\t\t\t<\/div>\n\t\t<\/div>\n\t\t\t\t\t<\/div>\n\t\t<\/section>\n\t\t\t\t<div class=\"elementor-element elementor-element-a4c1915 elementor-widget elementor-widget-spacer\" data-id=\"a4c1915\" data-element_type=\"widget\" data-widget_type=\"spacer.default\">\n\t\t\t\t<div class=\"elementor-widget-container\">\n\t\t\t\t\t<div class=\"elementor-spacer\">\n\t\t\t<div class=\"elementor-spacer-inner\"><\/div>\n\t\t<\/div>\n\t\t\t\t<\/div>\n\t\t\t\t<\/div>\n\t\t\t\t<div class=\"elementor-element elementor-element-fc9e7be elementor-widget-divider--view-line elementor-widget elementor-widget-divider\" data-id=\"fc9e7be\" data-element_type=\"widget\" data-widget_type=\"divider.default\">\n\t\t\t\t<div class=\"elementor-widget-container\">\n\t\t\t\t\t<div class=\"elementor-divider\">\n\t\t\t<span class=\"elementor-divider-separator\">\n\t\t\t\t\t\t<\/span>\n\t\t<\/div>\n\t\t\t\t<\/div>\n\t\t\t\t<\/div>\n\t\t\t\t\t<\/div>\n\t\t<\/div>\n\t\t\t\t\t<\/div>\n\t\t<\/section>\n\t\t\t\t<section class=\"elementor-section elementor-top-section elementor-element elementor-element-5906c6c elementor-section-boxed elementor-section-height-default elementor-section-height-default\" data-id=\"5906c6c\" data-element_type=\"section\">\n\t\t\t\t\t\t<div class=\"elementor-container elementor-column-gap-default\">\n\t\t\t\t\t<div class=\"elementor-column elementor-col-100 elementor-top-column elementor-element elementor-element-4411c21\" data-id=\"4411c21\" data-element_type=\"column\">\n\t\t\t<div class=\"elementor-widget-wrap elementor-element-populated\">\n\t\t\t\t\t\t<div class=\"elementor-element elementor-element-4f04f2e elementor-widget elementor-widget-heading\" data-id=\"4f04f2e\" data-element_type=\"widget\" data-widget_type=\"heading.default\">\n\t\t\t\t<div class=\"elementor-widget-container\">\n\t\t\t<h2 class=\"elementor-heading-title elementor-size-default\">Musique@PSL<\/h2>\t\t<\/div>\n\t\t\t\t<\/div>\n\t\t\t\t<section class=\"elementor-section elementor-inner-section elementor-element elementor-element-fcd1659 elementor-section-boxed elementor-section-height-default elementor-section-height-default\" data-id=\"fcd1659\" data-element_type=\"section\">\n\t\t\t\t\t\t<div class=\"elementor-container elementor-column-gap-default\">\n\t\t\t\t\t<div class=\"elementor-column elementor-col-50 elementor-inner-column elementor-element elementor-element-3d2a236\" data-id=\"3d2a236\" data-element_type=\"column\">\n\t\t\t<div class=\"elementor-widget-wrap elementor-element-populated\">\n\t\t\t\t\t\t<div class=\"elementor-element elementor-element-f6e7181 elementor-widget elementor-widget-text-editor\" data-id=\"f6e7181\" data-element_type=\"widget\" data-widget_type=\"text-editor.default\">\n\t\t\t\t<div class=\"elementor-widget-container\">\n\t\t\t\t\t\t\t<p><a href=\"https:\/\/orchestreetchoeur-psl.eu\/en\/association\/\" target=\"_blank\" rel=\"noopener\">Musique@Paris Sciences et Lettres<\/a> is an association governed by the law of July 1, 1901. Its purpose is \u201cto associate the traditional research and teaching activities of higher education establishments with collective amateur instrumental and choral practice, and the production of shows, in order to ensure their cultural influence\u201d<\/p><p><a href=\"https:\/\/orchestreetchoeur-psl.eu\/en\/johan-farjot\/\" target=\"_blank\" rel=\"noopener\">Johan Farjot<\/a> is its musical director. He is assisted by Julien Rezak.<\/p>\t\t\t\t\t\t<\/div>\n\t\t\t\t<\/div>\n\t\t\t\t<div class=\"elementor-element elementor-element-26baf30 elementor-widget elementor-widget-image\" data-id=\"26baf30\" data-element_type=\"widget\" data-widget_type=\"image.default\">\n\t\t\t\t<div class=\"elementor-widget-container\">\n\t\t\t\t\t\t\t\t\t\t\t\t\t<img decoding=\"async\" width=\"260\" height=\"154\" src=\"https:\/\/orchestreetchoeur-psl.eu\/wp-content\/uploads\/2021\/12\/260px-Johan_Farjot.jpg\" class=\"attachment-large size-large wp-image-421\" alt=\"\" \/>\t\t\t\t\t\t\t\t\t\t\t\t\t<\/div>\n\t\t\t\t<\/div>\n\t\t\t\t<div class=\"elementor-element elementor-element-1d63bdf elementor-widget elementor-widget-text-editor\" data-id=\"1d63bdf\" data-element_type=\"widget\" data-widget_type=\"text-editor.default\">\n\t\t\t\t<div class=\"elementor-widget-container\">\n\t\t\t\t\t\t\t<p>The association is directed by a board of 11 members with two representants (Marie-Lys Mehri assisted by Juliette Dumont for the orchestra and Brigitte Quentin assisted by Philom\u00e8ne Vuillard for the choir).<br \/>The board is composed of : <br \/>\u2013 Antoine Moreau, President<br \/>\u2013 Etty Jauffret, Vice-presidente <br \/>\u2013 Michel Bresson, Treasurer<br \/>\u2013 Dominique Blocman, secretary general.<\/p><p>In addition, Jonathan Scott, managing director and Guy Llorca, stage manager ensure the administrative and logistic needs of the ensemble.<\/p>\t\t\t\t\t\t<\/div>\n\t\t\t\t<\/div>\n\t\t\t\t\t<\/div>\n\t\t<\/div>\n\t\t\t\t<div class=\"elementor-column elementor-col-50 elementor-inner-column elementor-element elementor-element-6cd8f4e\" data-id=\"6cd8f4e\" data-element_type=\"column\">\n\t\t\t<div class=\"elementor-widget-wrap elementor-element-populated\">\n\t\t\t\t\t\t<div class=\"elementor-element elementor-element-52444ba elementor-widget elementor-widget-text-editor\" data-id=\"52444ba\" data-element_type=\"widget\" data-widget_type=\"text-editor.default\">\n\t\t\t\t<div class=\"elementor-widget-container\">\n\t\t\t\t\t\t\t<p>Reharsals take place on Monday evenings for the Orchestra, on Tuesday evenings for the Choir and on Wednesday evenings for the Chamber Choir. Precise schedules are available on the <a href=\"https:\/\/orchestreetchoeur-psl.eu\/en\/blog\/\" target=\"_blank\" rel=\"noopener\">blog<\/a>.<\/p>\t\t\t\t\t\t<\/div>\n\t\t\t\t<\/div>\n\t\t\t\t<div class=\"elementor-element elementor-element-524d004 elementor-widget elementor-widget-image\" data-id=\"524d004\" data-element_type=\"widget\" data-widget_type=\"image.default\">\n\t\t\t\t<div class=\"elementor-widget-container\">\n\t\t\t\t\t\t\t\t\t\t\t\t\t<img fetchpriority=\"high\" decoding=\"async\" width=\"300\" height=\"225\" src=\"https:\/\/orchestreetchoeur-psl.eu\/wp-content\/uploads\/2022\/01\/Entree_ENS_45_rue_dulm-300x225.jpg\" class=\"attachment-medium size-medium wp-image-675\" alt=\"\" srcset=\"https:\/\/orchestreetchoeur-psl.eu\/wp-content\/uploads\/2022\/01\/Entree_ENS_45_rue_dulm-300x225.jpg 300w, https:\/\/orchestreetchoeur-psl.eu\/wp-content\/uploads\/2022\/01\/Entree_ENS_45_rue_dulm-1024x768.jpg 1024w, https:\/\/orchestreetchoeur-psl.eu\/wp-content\/uploads\/2022\/01\/Entree_ENS_45_rue_dulm-768x576.jpg 768w, https:\/\/orchestreetchoeur-psl.eu\/wp-content\/uploads\/2022\/01\/Entree_ENS_45_rue_dulm-1536x1152.jpg 1536w, https:\/\/orchestreetchoeur-psl.eu\/wp-content\/uploads\/2022\/01\/Entree_ENS_45_rue_dulm.jpg 2048w\" sizes=\"(max-width: 300px) 100vw, 300px\" \/>\t\t\t\t\t\t\t\t\t\t\t\t\t<\/div>\n\t\t\t\t<\/div>\n\t\t\t\t<div class=\"elementor-element elementor-element-cd85f36 elementor-widget elementor-widget-text-editor\" data-id=\"cd85f36\" data-element_type=\"widget\" data-widget_type=\"text-editor.default\">\n\t\t\t\t<div class=\"elementor-widget-container\">\n\t\t\t\t\t\t\t<p>You can find the charter of the Orchestra &amp; Choir for the current year below.<\/p><p><a href=\"https:\/\/orchestreetchoeur-psl.eu\/wp-content\/uploads\/2022\/10\/Charte-de-lorchestre-Paris-Sciences-et-Lettres-2022-2023.pdf\" target=\"_blank\" rel=\"noopener\">Charter of the PSL Orchestra 2022-2023<\/a><br \/><a href=\"https:\/\/orchestreetchoeur-psl.eu\/wp-content\/uploads\/2022\/10\/Charte-du-choeur-Paris-Sciences-et-Lettres-2022-2023.pdf\" target=\"_blank\" rel=\"noopener\">Charter of the PSL Choir 2022-2023<\/a><\/p>\t\t\t\t\t\t<\/div>\n\t\t\t\t<\/div>\n\t\t\t\t\t<\/div>\n\t\t<\/div>\n\t\t\t\t\t<\/div>\n\t\t<\/section>\n\t\t\t\t\t<\/div>\n\t\t<\/div>\n\t\t\t\t\t<\/div>\n\t\t<\/section>\n\t\t\t\t<\/div>","protected":false},"excerpt":{"rendered":"<p>Acc\u00e8s membre Derni\u00e8res informations Vous trouverez dans ces pages r\u00e9serv\u00e9es aux membres de l&#8217;OCPSL des informations g\u00e9n\u00e9rales ainsi que : \u00a0&#8211; un blog, qui permet aux d\u00e9l\u00e9gu\u00e9es de communiquer avec l&#8217;ensemble des membres des formations ; &#8211; des pages de t\u00e9l\u00e9chargements de partitions pour l&#8217;Orchestre, le Grand ch\u0153ur et le Petit ch\u0153ur &#8211; des photos\/vid\u00e9os&#8230;<\/p>","protected":false},"author":1,"featured_media":0,"parent":0,"menu_order":0,"comment_status":"closed","ping_status":"closed","template":"","meta":{"_kadence_starter_templates_imported_post":false,"_kad_post_transparent":"","_kad_post_title":"hide","_kad_post_layout":"fullwidth","_kad_post_sidebar_id":"","_kad_post_content_style":"unboxed","_kad_post_vertical_padding":"hide","_kad_post_feature":"hide","_kad_post_feature_position":"","_kad_post_header":false,"_kad_post_footer":false,"_kad_post_classname":"","footnotes":""},"class_list":["post-2330","page","type-page","status-publish","hentry"],"_links":{"self":[{"href":"https:\/\/orchestreetchoeur-psl.eu\/en\/wp-json\/wp\/v2\/pages\/2330","targetHints":{"allow":["GET"]}}],"collection":[{"href":"https:\/\/orchestreetchoeur-psl.eu\/en\/wp-json\/wp\/v2\/pages"}],"about":[{"href":"https:\/\/orchestreetchoeur-psl.eu\/en\/wp-json\/wp\/v2\/types\/page"}],"author":[{"embeddable":true,"href":"https:\/\/orchestreetchoeur-psl.eu\/en\/wp-json\/wp\/v2\/users\/1"}],"replies":[{"embeddable":true,"href":"https:\/\/orchestreetchoeur-psl.eu\/en\/wp-json\/wp\/v2\/comments?post=2330"}],"version-history":[{"count":161,"href":"https:\/\/orchestreetchoeur-psl.eu\/en\/wp-json\/wp\/v2\/pages\/2330\/revisions"}],"predecessor-version":[{"id":3848,"href":"https:\/\/orchestreetchoeur-psl.eu\/en\/wp-json\/wp\/v2\/pages\/2330\/revisions\/3848"}],"wp:attachment":[{"href":"https:\/\/orchestreetchoeur-psl.eu\/en\/wp-json\/wp\/v2\/media?parent=2330"}],"curies":[{"name":"wp","href":"https:\/\/api.w.org\/{rel}","templated":true}]}}