{"id":18,"date":"2021-12-02T15:46:07","date_gmt":"2021-12-02T14:46:07","guid":{"rendered":"https:\/\/classicstreet.org\/?page_id=18"},"modified":"2024-06-14T13:36:13","modified_gmt":"2024-06-14T11:36:13","slug":"association","status":"publish","type":"page","link":"https:\/\/orchestreetchoeur-psl.eu\/en\/association\/","title":{"rendered":"About us"},"content":{"rendered":"<div data-elementor-type=\"wp-page\" data-elementor-id=\"18\" class=\"elementor elementor-18\">\n\t\t\t\t\t\t<section class=\"elementor-section elementor-top-section elementor-element elementor-element-d8feaf7 elementor-section-full_width elementor-section-stretched elementor-section-height-default elementor-section-height-default\" data-id=\"d8feaf7\" data-element_type=\"section\" data-settings=\"{&quot;stretch_section&quot;:&quot;section-stretched&quot;}\">\n\t\t\t\t\t\t<div class=\"elementor-container elementor-column-gap-default\">\n\t\t\t\t\t<div class=\"elementor-column elementor-col-100 elementor-top-column elementor-element elementor-element-12e25c3\" data-id=\"12e25c3\" data-element_type=\"column\">\n\t\t\t<div class=\"elementor-widget-wrap elementor-element-populated\">\n\t\t\t\t\t\t<div class=\"elementor-element elementor-element-75a43bd elementor-widget elementor-widget-image\" data-id=\"75a43bd\" data-element_type=\"widget\" data-widget_type=\"image.default\">\n\t\t\t\t<div class=\"elementor-widget-container\">\n\t\t\t\t\t\t\t\t\t\t\t\t\t<img fetchpriority=\"high\" decoding=\"async\" width=\"1024\" height=\"230\" src=\"https:\/\/orchestreetchoeur-psl.eu\/wp-content\/uploads\/2024\/06\/DSCF9412-1-1024x230.jpg\" class=\"attachment-large size-large wp-image-3912\" alt=\"\" srcset=\"https:\/\/orchestreetchoeur-psl.eu\/wp-content\/uploads\/2024\/06\/DSCF9412-1-1024x230.jpg 1024w, https:\/\/orchestreetchoeur-psl.eu\/wp-content\/uploads\/2024\/06\/DSCF9412-1-300x68.jpg 300w, https:\/\/orchestreetchoeur-psl.eu\/wp-content\/uploads\/2024\/06\/DSCF9412-1-768x173.jpg 768w, https:\/\/orchestreetchoeur-psl.eu\/wp-content\/uploads\/2024\/06\/DSCF9412-1-1536x346.jpg 1536w, https:\/\/orchestreetchoeur-psl.eu\/wp-content\/uploads\/2024\/06\/DSCF9412-1-2048x461.jpg 2048w, https:\/\/orchestreetchoeur-psl.eu\/wp-content\/uploads\/2024\/06\/DSCF9412-1-18x4.jpg 18w\" sizes=\"(max-width: 1024px) 100vw, 1024px\" \/>\t\t\t\t\t\t\t\t\t\t\t\t\t<\/div>\n\t\t\t\t<\/div>\n\t\t\t\t\t<\/div>\n\t\t<\/div>\n\t\t\t\t\t<\/div>\n\t\t<\/section>\n\t\t\t\t<section class=\"elementor-section elementor-top-section elementor-element elementor-element-6ffb4ef6 elementor-section-boxed elementor-section-height-default elementor-section-height-default\" data-id=\"6ffb4ef6\" data-element_type=\"section\">\n\t\t\t\t\t\t<div class=\"elementor-container elementor-column-gap-default\">\n\t\t\t\t\t<div class=\"elementor-column elementor-col-100 elementor-top-column elementor-element elementor-element-7d493249\" data-id=\"7d493249\" data-element_type=\"column\">\n\t\t\t<div class=\"elementor-widget-wrap elementor-element-populated\">\n\t\t\t\t\t\t<div class=\"elementor-element elementor-element-4ef61e40 elementor-widget elementor-widget-text-editor\" data-id=\"4ef61e40\" data-element_type=\"widget\" data-widget_type=\"text-editor.default\">\n\t\t\t\t<div class=\"elementor-widget-container\">\n\t\t\t\t\t\t\t<p><!-- wp:file {\"id\":69,\"href\":\"https:\/\/orchestreetchoeur-psl.eu\/wp-content\/uploads\/2021\/12\/1-2-scaled-1.jpg\"} --><\/p>\n<div class=\"wp-block-file\"><span style=\"color: var( --e-global-color-text ); font-family: var( --e-global-typography-text-font-family ), Sans-serif; font-weight: var( --e-global-typography-text-font-weight ); background-color: transparent; font-size: 17px;\"><strong>The association Musique @ Paris Sciences et Lettres<\/strong> aims to organize the musical season of the PSL Orchestra &amp; Choir and the PSL Spring Festival. It is an association law 1901 that employs a team of entertainment professionals to supervise the various musical formations from an artistic and technical point of view. The OCPSL is a choro-symphonic ensemble of 150 musicians and singers who regularly perform in prestigious venues in Paris or abroad during international tours. Its two components are the PSL Symphony Orchestra and the PSL Choir.<\/span><\/div>\n<p><!-- \/wp:paragraph --><!-- wp:paragraph --><\/p>\n<p><b>The symphony orchestra<\/b> is conducted by <a href=\"https:\/\/orchestreetchoeur-psl.eu\/en\/johan-farjot\/\" data-type=\"page\" data-id=\"413\">Johan Farjot<\/a> with the support of an intermittent team of five  professional musicians ensuring the supervision of each section. Students, professors and members of staff from the schools, universities and establishments of PSL make up the 75 members of the orchestra, all of whom were selected by audition. Soloists of international stature are also regularly invited, thereby offering students the opportunity to connect with great names of the musical interpretation.<\/p>\n<p><!-- \/wp:paragraph --><!-- wp:paragraph --><\/p>\n<p><strong>The Choir of PSL <\/strong><strong>is <\/strong><strong>also directed by Johan Farjot, assisted by the pianist and vocal coach Julien Rezak<\/strong>. It is mainly composed of 80 amateur choristers selected by audition (students, professors and members of staff from the Grandes Ecoles of PSL University). In addition to its partnership with the Orchester under the choro-symphonic ensemble OCPSL, the Choir has its own musical programs ans tours too. It also regularly collaborates with other prestigious formations such as the Orchestre de la Garde R\u00e9publicaine or international choral formations. (Robinson College Chapel Choir \u2013 University of Cambridge, City-University of London, ensemble Gaudeamus de Sophia\u2026)<\/p>\n<p><!-- \/wp:paragraph --><!-- wp:image {\"align\":\"center\",\"id\":53,\"sizeSlug\":\"full\",\"linkDestination\":\"none\",\"className\":\"is-style-default\"} --><!-- \/wp:image --><!-- wp:paragraph --><!-- \/wp:paragraph --><\/p>\t\t\t\t\t\t<\/div>\n\t\t\t\t<\/div>\n\t\t\t\t\t<\/div>\n\t\t<\/div>\n\t\t\t\t\t<\/div>\n\t\t<\/section>\n\t\t\t\t<\/div>","protected":false},"excerpt":{"rendered":"<p>L\u2019Orchestre symphonique est dirig\u00e9 par Johan Farjot avec l\u2019appui d\u2019une \u00e9quipe intermittente de cinq musiciens professionnels assurant l\u2019encadrement des pupitres. \u00c9tudiants, professeurs et membres du personnel des grandes \u00e9coles, universit\u00e9s et \u00e9tablissements qui constituent PSL composent les 75 membres de l\u2019orchestre, qui sont s\u00e9lectionn\u00e9s sur audition. Des solistes de stature internationale sont \u00e9galement invit\u00e9s r\u00e9guli\u00e8rement,&#8230;<\/p>","protected":false},"author":1,"featured_media":53,"parent":0,"menu_order":0,"comment_status":"closed","ping_status":"closed","template":"","meta":{"_kadence_starter_templates_imported_post":false,"_kad_post_transparent":"default","_kad_post_title":"hide","_kad_post_layout":"default","_kad_post_sidebar_id":"","_kad_post_content_style":"unboxed","_kad_post_vertical_padding":"default","_kad_post_feature":"","_kad_post_feature_position":"","_kad_post_header":false,"_kad_post_footer":false,"_kad_post_classname":"","footnotes":""},"class_list":["post-18","page","type-page","status-publish","has-post-thumbnail","hentry"],"_links":{"self":[{"href":"https:\/\/orchestreetchoeur-psl.eu\/en\/wp-json\/wp\/v2\/pages\/18","targetHints":{"allow":["GET"]}}],"collection":[{"href":"https:\/\/orchestreetchoeur-psl.eu\/en\/wp-json\/wp\/v2\/pages"}],"about":[{"href":"https:\/\/orchestreetchoeur-psl.eu\/en\/wp-json\/wp\/v2\/types\/page"}],"author":[{"embeddable":true,"href":"https:\/\/orchestreetchoeur-psl.eu\/en\/wp-json\/wp\/v2\/users\/1"}],"replies":[{"embeddable":true,"href":"https:\/\/orchestreetchoeur-psl.eu\/en\/wp-json\/wp\/v2\/comments?post=18"}],"version-history":[{"count":54,"href":"https:\/\/orchestreetchoeur-psl.eu\/en\/wp-json\/wp\/v2\/pages\/18\/revisions"}],"predecessor-version":[{"id":3918,"href":"https:\/\/orchestreetchoeur-psl.eu\/en\/wp-json\/wp\/v2\/pages\/18\/revisions\/3918"}],"wp:featuredmedia":[{"embeddable":true,"href":"https:\/\/orchestreetchoeur-psl.eu\/en\/wp-json\/wp\/v2\/media\/53"}],"wp:attachment":[{"href":"https:\/\/orchestreetchoeur-psl.eu\/en\/wp-json\/wp\/v2\/media?parent=18"}],"curies":[{"name":"wp","href":"https:\/\/api.w.org\/{rel}","templated":true}]}}