{"id":1756,"date":"2022-03-04T12:33:56","date_gmt":"2022-03-04T11:33:56","guid":{"rendered":"https:\/\/orchestreetchoeur-psl.eu\/?page_id=1756"},"modified":"2022-05-25T14:16:51","modified_gmt":"2022-05-25T12:16:51","slug":"festival-2022","status":"publish","type":"page","link":"https:\/\/orchestreetchoeur-psl.eu\/en\/festival-2022\/","title":{"rendered":"Festival 2022"},"content":{"rendered":"<div data-elementor-type=\"wp-page\" data-elementor-id=\"1756\" class=\"elementor elementor-1756\">\n\t\t\t\t\t\t<section class=\"elementor-section elementor-top-section elementor-element elementor-element-fb14d86 elementor-section-boxed elementor-section-height-default elementor-section-height-default\" data-id=\"fb14d86\" data-element_type=\"section\">\n\t\t\t\t\t\t<div class=\"elementor-container elementor-column-gap-default\">\n\t\t\t\t\t<div class=\"elementor-column elementor-col-100 elementor-top-column elementor-element elementor-element-ec4defd\" data-id=\"ec4defd\" data-element_type=\"column\">\n\t\t\t<div class=\"elementor-widget-wrap elementor-element-populated\">\n\t\t\t\t\t\t<div class=\"elementor-element elementor-element-b287cbd elementor-widget elementor-widget-image\" data-id=\"b287cbd\" data-element_type=\"widget\" data-widget_type=\"image.default\">\n\t\t\t\t<div class=\"elementor-widget-container\">\n\t\t\t\t\t\t\t\t\t\t\t\t\t\t<a href=\"https:\/\/orchestreetchoeur-psl.eu\/wp-content\/uploads\/2022\/05\/Cafe-1930-2.pdf\" data-elementor-open-lightbox=\"yes\" data-e-action-hash=\"#elementor-action%3Aaction%3Dlightbox%26settings%3DeyJpZCI6MjE0MiwidXJsIjpmYWxzZX0%3D\">\n\t\t\t\t\t\t\t<img decoding=\"async\" src=\"https:\/\/orchestreetchoeur-psl.eu\/wp-content\/uploads\/2022\/05\/Cafe-1930-2.pdf\" title=\"\" alt=\"\" loading=\"lazy\" \/>\t\t\t\t\t\t\t\t<\/a>\n\t\t\t\t\t\t\t\t\t\t\t\t\t<\/div>\n\t\t\t\t<\/div>\n\t\t\t\t<section class=\"elementor-section elementor-inner-section elementor-element elementor-element-ac8c7ec elementor-section-boxed elementor-section-height-default elementor-section-height-default\" data-id=\"ac8c7ec\" data-element_type=\"section\">\n\t\t\t\t\t\t<div class=\"elementor-container elementor-column-gap-default\">\n\t\t\t\t\t<div class=\"elementor-column elementor-col-50 elementor-inner-column elementor-element elementor-element-489e2da\" data-id=\"489e2da\" data-element_type=\"column\">\n\t\t\t<div class=\"elementor-widget-wrap elementor-element-populated\">\n\t\t\t\t\t\t<div class=\"elementor-element elementor-element-b2f8609 elementor-widget elementor-widget-image\" data-id=\"b2f8609\" data-element_type=\"widget\" data-widget_type=\"image.default\">\n\t\t\t\t<div class=\"elementor-widget-container\">\n\t\t\t\t\t\t\t\t\t\t\t\t\t<img decoding=\"async\" src=\"https:\/\/orchestreetchoeur-psl.eu\/wp-content\/uploads\/2022\/05\/Cafe-1930-3.pdf\" title=\"\" alt=\"\" loading=\"lazy\" \/>\t\t\t\t\t\t\t\t\t\t\t\t\t<\/div>\n\t\t\t\t<\/div>\n\t\t\t\t\t<\/div>\n\t\t<\/div>\n\t\t\t\t<div class=\"elementor-column elementor-col-50 elementor-inner-column elementor-element elementor-element-fd8eb24\" data-id=\"fd8eb24\" data-element_type=\"column\">\n\t\t\t<div class=\"elementor-widget-wrap elementor-element-populated\">\n\t\t\t\t\t\t<div class=\"elementor-element elementor-element-e68e8f4 elementor-widget elementor-widget-text-editor\" data-id=\"e68e8f4\" data-element_type=\"widget\" data-widget_type=\"text-editor.default\">\n\t\t\t\t<div class=\"elementor-widget-container\">\n\t\t\t\t\t\t\t<p>Caf\u00e9 1930 <a href=\"https:\/\/orchestreetchoeur-psl.eu\/en\/telechargement\/\">T\u00e9l\u00e9charger<\/a><\/p>\t\t\t\t\t\t<\/div>\n\t\t\t\t<\/div>\n\t\t\t\t\t<\/div>\n\t\t<\/div>\n\t\t\t\t\t<\/div>\n\t\t<\/section>\n\t\t\t\t\t<\/div>\n\t\t<\/div>\n\t\t\t\t\t<\/div>\n\t\t<\/section>\n\t\t\t\t<section class=\"elementor-section elementor-top-section elementor-element elementor-element-65ffb0db elementor-section-boxed elementor-section-height-default elementor-section-height-default\" data-id=\"65ffb0db\" data-element_type=\"section\">\n\t\t\t\t\t\t<div class=\"elementor-container elementor-column-gap-default\">\n\t\t\t\t\t<div class=\"elementor-column elementor-col-100 elementor-top-column elementor-element elementor-element-12065180\" data-id=\"12065180\" data-element_type=\"column\">\n\t\t\t<div class=\"elementor-widget-wrap elementor-element-populated\">\n\t\t\t\t\t\t<div class=\"elementor-element elementor-element-65d4da1 elementor-widget elementor-widget-image\" data-id=\"65d4da1\" data-element_type=\"widget\" data-widget_type=\"image.default\">\n\t\t\t\t<div class=\"elementor-widget-container\">\n\t\t\t\t\t\t\t\t\t\t\t\t\t<img decoding=\"async\" width=\"300\" height=\"138\" src=\"https:\/\/orchestreetchoeur-psl.eu\/wp-content\/uploads\/2022\/03\/PSL-RSFestival-2022-ok-300x138.jpg\" class=\"attachment-medium size-medium wp-image-1780\" alt=\"\" srcset=\"https:\/\/orchestreetchoeur-psl.eu\/wp-content\/uploads\/2022\/03\/PSL-RSFestival-2022-ok-300x138.jpg 300w, https:\/\/orchestreetchoeur-psl.eu\/wp-content\/uploads\/2022\/03\/PSL-RSFestival-2022-ok-1024x473.jpg 1024w, https:\/\/orchestreetchoeur-psl.eu\/wp-content\/uploads\/2022\/03\/PSL-RSFestival-2022-ok-768x354.jpg 768w, https:\/\/orchestreetchoeur-psl.eu\/wp-content\/uploads\/2022\/03\/PSL-RSFestival-2022-ok-1536x709.jpg 1536w, https:\/\/orchestreetchoeur-psl.eu\/wp-content\/uploads\/2022\/03\/PSL-RSFestival-2022-ok-2048x945.jpg 2048w, https:\/\/orchestreetchoeur-psl.eu\/wp-content\/uploads\/2022\/03\/PSL-RSFestival-2022-ok-18x8.jpg 18w\" sizes=\"(max-width: 300px) 100vw, 300px\" \/>\t\t\t\t\t\t\t\t\t\t\t\t\t<\/div>\n\t\t\t\t<\/div>\n\t\t\t\t<div class=\"elementor-element elementor-element-2f6c22bd elementor-widget elementor-widget-text-editor\" data-id=\"2f6c22bd\" data-element_type=\"widget\" data-widget_type=\"text-editor.default\">\n\t\t\t\t<div class=\"elementor-widget-container\">\n\t\t\t\t\t\t\t<p><!-- wp:file {\"id\":1757,\"href\":\"https:\/\/orchestreetchoeur-psl.eu\/wp-content\/uploads\/2022\/03\/OSC-PSL-programme-festival-105x148-2022-ok-1.pdf\",\"displayPreview\":true} --><\/p>\n<div class=\"wp-block-file\"><a id=\"wp-block-file--media-2b3fe925-2889-4b3d-9897-3f87375b1997\" href=\"https:\/\/orchestreetchoeur-psl.eu\/wp-content\/uploads\/2022\/03\/OSC-PSL-programme-festival-105x148-2022-ok-1.pdf\">OSC-PSL-programme-festival-105&#215;148-2022-ok-1<\/a> <a class=\"wp-block-file__button\" href=\"https:\/\/orchestreetchoeur-psl.eu\/wp-content\/uploads\/2022\/03\/OSC-PSL-programme-festival-105x148-2022-ok-1.pdf\" download=\"\" aria-describedby=\"wp-block-file--media-2b3fe925-2889-4b3d-9897-3f87375b1997\">T\u00e9l\u00e9charger<\/a><\/div>\n<p><!-- \/wp:file --><\/p>\t\t\t\t\t\t<\/div>\n\t\t\t\t<\/div>\n\t\t\t\t\t<\/div>\n\t\t<\/div>\n\t\t\t\t\t<\/div>\n\t\t<\/section>\n\t\t\t\t<\/div>","protected":false},"excerpt":{"rendered":"<p>Caf\u00e9 1930 T\u00e9l\u00e9charger<\/p>","protected":false},"author":1,"featured_media":0,"parent":0,"menu_order":0,"comment_status":"closed","ping_status":"closed","template":"","meta":{"_kadence_starter_templates_imported_post":false,"_kad_post_transparent":"","_kad_post_title":"","_kad_post_layout":"","_kad_post_sidebar_id":"","_kad_post_content_style":"","_kad_post_vertical_padding":"","_kad_post_feature":"","_kad_post_feature_position":"","_kad_post_header":false,"_kad_post_footer":false,"_kad_post_classname":"","footnotes":""},"class_list":["post-1756","page","type-page","status-publish","hentry"],"_links":{"self":[{"href":"https:\/\/orchestreetchoeur-psl.eu\/en\/wp-json\/wp\/v2\/pages\/1756","targetHints":{"allow":["GET"]}}],"collection":[{"href":"https:\/\/orchestreetchoeur-psl.eu\/en\/wp-json\/wp\/v2\/pages"}],"about":[{"href":"https:\/\/orchestreetchoeur-psl.eu\/en\/wp-json\/wp\/v2\/types\/page"}],"author":[{"embeddable":true,"href":"https:\/\/orchestreetchoeur-psl.eu\/en\/wp-json\/wp\/v2\/users\/1"}],"replies":[{"embeddable":true,"href":"https:\/\/orchestreetchoeur-psl.eu\/en\/wp-json\/wp\/v2\/comments?post=1756"}],"version-history":[{"count":13,"href":"https:\/\/orchestreetchoeur-psl.eu\/en\/wp-json\/wp\/v2\/pages\/1756\/revisions"}],"predecessor-version":[{"id":2147,"href":"https:\/\/orchestreetchoeur-psl.eu\/en\/wp-json\/wp\/v2\/pages\/1756\/revisions\/2147"}],"wp:attachment":[{"href":"https:\/\/orchestreetchoeur-psl.eu\/en\/wp-json\/wp\/v2\/media?parent=1756"}],"curies":[{"name":"wp","href":"https:\/\/api.w.org\/{rel}","templated":true}]}}